{"id":50614,"date":"2017-12-08T15:32:38","date_gmt":"2017-12-08T14:32:38","guid":{"rendered":"http:\/\/domainprivacytrustee.ch\/?page_id=50614"},"modified":"2019-03-07T10:48:33","modified_gmt":"2019-03-07T09:48:33","slug":"home","status":"publish","type":"page","link":"https:\/\/domainprivacytrustee.ch\/de\/","title":{"rendered":"Home"},"content":{"rendered":"<p>[et_pb_section bb_built=&#8220;1&#8243; admin_label=&#8220;Hero Section&#8220; background_color=&#8220;#0098ff&#8220; _builder_version=&#8220;3.0.91&#8243; background_color_gradient_direction=&#8220;72deg&#8220; custom_padding=&#8220;130px|0px|100px|0px&#8220; next_background_color=&#8220;#fafbfc&#8220;][et_pb_row custom_padding=&#8220;0px|0px|0px|0px&#8220; padding_top_1=&#8220;60px&#8220; _builder_version=&#8220;3.0.89&#8243; background_size=&#8220;initial&#8220; background_position=&#8220;top_left&#8220; background_repeat=&#8220;repeat&#8220;][et_pb_column type=&#8220;1_2&#8243;][et_pb_image src=&#8220;https:\/\/domainprivacytrustee.ch\/wp-content\/uploads\/2017\/12\/Logo_white@2x.png&#8220; _builder_version=&#8220;3.0.91&#8243; \/][\/et_pb_column][et_pb_column type=&#8220;1_2&#8243;][et_pb_text _builder_version=&#8220;3.0.91&#8243; text_font=&#8220;Poppins||||||||&#8220; text_font_size=&#8220;18px&#8220; text_text_color=&#8220;rgba(255,255,255,0.8)&#8220; text_line_height=&#8220;1.8em&#8220; animation_style=&#8220;fade&#8220; animation_delay=&#8220;100ms&#8220; background_layout=&#8220;light&#8220;]<\/p>\n<p style=\"font-size: 16pt;\"><strong>Schutz der Vertraulichkeit von \u00f6ffentlich gespeicherten Daten<\/strong><\/p>\n<p>Domain Privacy Trustee SA (DPT) bietet zusammen mit seinem Partnernetz eine L\u00f6sung, die Domaininhaber wirksam vor unerw\u00fcnschten E-Mails und Briefen und dem Missbrauch personenbezogener Daten sch\u00fctzt.<\/p>\n<p>[\/et_pb_text][\/et_pb_column][\/et_pb_row][\/et_pb_section][et_pb_section bb_built=&#8220;1&#8243; admin_label=&#8220;Become a Member Section&#8220; background_color=&#8220;#fafbfc&#8220; _builder_version=&#8220;3.0.83&#8243; custom_padding=&#8220;90px|0px|150px|0px&#8220; prev_background_color=&#8220;#0098ff&#8220; next_background_color=&#8220;#0098ff&#8220;][et_pb_row custom_padding=&#8220;|||&#8220; _builder_version=&#8220;3.0.91&#8243; locked=&#8220;off&#8220;][et_pb_column type=&#8220;1_4&#8243;][\/et_pb_column][et_pb_column type=&#8220;1_2&#8243;][et_pb_text _builder_version=&#8220;3.0.91&#8243; custom_css_before=&#8220;margin-top: 300px;&#8220; background_layout=&#8220;light&#8220;]<\/p>\n<h3 style=\"text-align: center; font-size: 26pt; color: rgba(0, 0, 0, 0.6);\"><\/h3>\n<h3 style=\"text-align: center; font-size: 26pt; color: rgba(0, 0, 0, 0.6);\"><\/h3>\n<h3 style=\"text-align: center; font-size: 26pt; color: rgba(0, 0, 0, 0.6);\"><strong>Sie erhalten Schutz vor<\/strong><\/h3>\n<p>&nbsp;<\/p>\n<p>&nbsp;<\/p>\n<p>[\/et_pb_text][\/et_pb_column][et_pb_column type=&#8220;1_4&#8243;][\/et_pb_column][\/et_pb_row][et_pb_row use_custom_gutter=&#8220;on&#8220; gutter_width=&#8220;2&#8243; custom_padding=&#8220;|||&#8220; custom_padding_tablet=&#8220;49px|||&#8220; custom_padding_phone=&#8220;19px|||&#8220; column_padding_mobile=&#8220;on&#8220; parallax_method_1=&#8220;off&#8220; parallax_method_2=&#8220;off&#8220; parallax_method_3=&#8220;off&#8220; custom_padding_last_edited=&#8220;on|phone&#8220; _builder_version=&#8220;3.0.89&#8243; background_size=&#8220;initial&#8220; background_position=&#8220;top_left&#8220; background_repeat=&#8220;repeat&#8220;][et_pb_column type=&#8220;1_3&#8243;][et_pb_blurb admin_label=&#8220;Class&#8220; title=&#8220;Mobbing&#8220; use_icon=&#8220;on&#8220; font_icon=&#8220;%%87%%&#8220; icon_color=&#8220;#29a7f5&#8243; _builder_version=&#8220;3.0.91&#8243; header_font=&#8220;Poppins|600|||||||&#8220; header_text_align=&#8220;center&#8220; header_text_color=&#8220;#486066&#8243; header_line_height=&#8220;1.3em&#8220; body_font=&#8220;Open Sans||||||||&#8220; body_text_align=&#8220;center&#8220; body_text_color=&#8220;#486066&#8243; body_line_height=&#8220;1.8em&#8220; background_color=&#8220;#ffffff&#8220; border_radii=&#8220;on|6px|6px|6px|6px&#8220; custom_margin=&#8220;|||&#8220; custom_padding=&#8220;40px|30px|40px|30px&#8220; animation_style=&#8220;fade&#8220; animation=&#8220;off&#8220; box_shadow_style=&#8220;preset1&#8243; box_shadow_vertical=&#8220;10px&#8220; box_shadow_blur=&#8220;24px&#8220; box_shadow_spread=&#8220;6px&#8220; box_shadow_color=&#8220;rgba(0,0,0,0.06)&#8220; url_new_window=&#8220;off&#8220; use_circle=&#8220;off&#8220; use_circle_border=&#8220;off&#8220; icon_placement=&#8220;top&#8220; use_icon_font_size=&#8220;off&#8220; background_layout=&#8220;light&#8220; \/][\/et_pb_column][et_pb_column type=&#8220;1_3&#8243;][et_pb_blurb admin_label=&#8220;Class&#8220; title=&#8220;Spam&#8220; use_icon=&#8220;on&#8220; font_icon=&#8220;%%109%%&#8220; icon_color=&#8220;#29a7f5&#8243; _builder_version=&#8220;3.0.91&#8243; header_font=&#8220;Poppins|600|||||||&#8220; header_text_align=&#8220;center&#8220; header_text_color=&#8220;#486066&#8243; header_line_height=&#8220;1.3em&#8220; body_font=&#8220;Open Sans||||||||&#8220; body_text_align=&#8220;center&#8220; body_text_color=&#8220;#486066&#8243; body_line_height=&#8220;1.8em&#8220; background_color=&#8220;#ffffff&#8220; border_radii=&#8220;on|6px|6px|6px|6px&#8220; custom_margin=&#8220;|||&#8220; custom_padding=&#8220;40px|30px|40px|30px&#8220; animation_style=&#8220;fade&#8220; animation_delay=&#8220;100ms&#8220; animation=&#8220;off&#8220; box_shadow_style=&#8220;preset1&#8243; box_shadow_vertical=&#8220;10px&#8220; box_shadow_blur=&#8220;24px&#8220; box_shadow_spread=&#8220;6px&#8220; box_shadow_color=&#8220;rgba(0,0,0,0.06)&#8220; url_new_window=&#8220;off&#8220; use_circle=&#8220;off&#8220; use_circle_border=&#8220;off&#8220; icon_placement=&#8220;top&#8220; use_icon_font_size=&#8220;off&#8220; background_layout=&#8220;light&#8220; \/][\/et_pb_column][et_pb_column type=&#8220;1_3&#8243;][et_pb_blurb admin_label=&#8220;Class&#8220; title=&#8220;Missbrauch personenbezogener Daten&#8220; use_icon=&#8220;on&#8220; font_icon=&#8220;%%162%%&#8220; icon_color=&#8220;#29a7f5&#8243; _builder_version=&#8220;3.0.91&#8243; header_font=&#8220;Poppins|600|||||||&#8220; header_text_align=&#8220;center&#8220; header_text_color=&#8220;#486066&#8243; header_line_height=&#8220;1.3em&#8220; body_font=&#8220;Open Sans||||||||&#8220; body_text_align=&#8220;center&#8220; body_text_color=&#8220;#486066&#8243; body_line_height=&#8220;1.8em&#8220; background_color=&#8220;#ffffff&#8220; border_radii=&#8220;on|6px|6px|6px|6px&#8220; custom_margin=&#8220;|||&#8220; custom_padding=&#8220;40px|30px|40px|30px&#8220; animation_style=&#8220;fade&#8220; animation_delay=&#8220;200ms&#8220; animation=&#8220;off&#8220; box_shadow_style=&#8220;preset1&#8243; box_shadow_vertical=&#8220;10px&#8220; box_shadow_blur=&#8220;24px&#8220; box_shadow_spread=&#8220;6px&#8220; box_shadow_color=&#8220;rgba(0,0,0,0.06)&#8220; url_new_window=&#8220;off&#8220; use_circle=&#8220;off&#8220; use_circle_border=&#8220;off&#8220; icon_placement=&#8220;top&#8220; use_icon_font_size=&#8220;off&#8220; background_layout=&#8220;light&#8220; \/][\/et_pb_column][\/et_pb_row][\/et_pb_section][et_pb_section bb_built=&#8220;1&#8243; admin_label=&#8220;Hero Section&#8220; background_color=&#8220;#0098ff&#8220; _builder_version=&#8220;3.0.91&#8243; background_color_gradient_direction=&#8220;72deg&#8220; custom_padding=&#8220;70px|0px|49px|0px&#8220; prev_background_color=&#8220;#fafbfc&#8220; next_background_color=&#8220;#ffffff&#8220;][et_pb_row custom_padding=&#8220;0px|0px|27px|0px&#8220; padding_top_1=&#8220;60px&#8220; _builder_version=&#8220;3.0.89&#8243; background_size=&#8220;initial&#8220; background_position=&#8220;top_left&#8220; background_repeat=&#8220;repeat&#8220;][et_pb_column type=&#8220;4_4&#8243;][et_pb_text _builder_version=&#8220;3.0.91&#8243; text_font=&#8220;Poppins||||||||&#8220; text_font_size=&#8220;18px&#8220; text_text_color=&#8220;rgba(255,255,255,0.8)&#8220; text_line_height=&#8220;1.8em&#8220; animation_style=&#8220;fade&#8220; animation_delay=&#8220;100ms&#8220; background_layout=&#8220;light&#8220;]<\/p>\n<h3 style=\"text-align: center; color: white; font-size: 20pt;\"><strong>Gew\u00e4hrleistung der Vertraulichkeit personenbezogener Daten<\/strong><\/h3>\n<p style=\"text-align: center; font-size: 15pt;\">Domain Privacys Aufgabe besteht darin, die Vertraulichkeit der personenbezogenen Daten von Domainnameninhabern zu gew\u00e4hrleisten. Domain Privacy Trustee SA besitzt kein Eigentumsrecht an den Domains, und der Kunde bleibt der einzige rechtm\u00e4ssige Eigent\u00fcmer mit den \u00fcblichen Rechten und Pflichten.<\/p>\n<p>[\/et_pb_text][\/et_pb_column][\/et_pb_row][\/et_pb_section][et_pb_section bb_built=&#8220;1&#8243; _builder_version=&#8220;3.0.91&#8243; custom_padding=&#8220;110px|0px|90px|0px&#8220; prev_background_color=&#8220;#0098ff&#8220;][et_pb_row custom_padding=&#8220;27px|0px|0px|0px&#8220; _builder_version=&#8220;3.0.91&#8243;][et_pb_column type=&#8220;1_2&#8243;][et_pb_text _builder_version=&#8220;3.0.91&#8243; background_layout=&#8220;light&#8220;]<\/p>\n<h3 style=\"text-align: center;\">\u00d6ffentliche Daten<\/h3>\n<p style=\"text-align: center;\"><strong>ohne Domain Privacy:<\/strong><\/p>\n<p>[\/et_pb_text][et_pb_image src=&#8220;https:\/\/domainprivacytrustee.ch\/wp-content\/uploads\/2018\/02\/ALLEMAND-illu-sans-domain-privacy-allemand.png&#8220; _builder_version=&#8220;3.0.91&#8243; show_in_lightbox=&#8220;off&#8220; url_new_window=&#8220;off&#8220; use_overlay=&#8220;off&#8220; always_center_on_mobile=&#8220;on&#8220; force_fullwidth=&#8220;off&#8220; show_bottom_space=&#8220;on&#8220; \/][et_pb_text _builder_version=&#8220;3.0.91&#8243; max_width=&#8220;70%&#8220; module_alignment=&#8220;center&#8220; background_layout=&#8220;light&#8220;]<\/p>\n<p style=\"text-align: justify;\">Ohne Domain Privacy sind die E-Mail-Adresse, die Telefonnummer und die Postadresse der Domaininhaber per WHOIS-Abfrage \u00f6ffentlich verf\u00fcgbar. Spammer oder Marketingfirmen k\u00f6nnen daher auf diese personenbezogenen Daten zugreifen.<\/p>\n<p>[\/et_pb_text][\/et_pb_column][et_pb_column type=&#8220;1_2&#8243;][et_pb_text _builder_version=&#8220;3.0.91&#8243; background_layout=&#8220;light&#8220;]<\/p>\n<h3 style=\"text-align: center;\">\u00d6ffentliche Daten<\/h3>\n<p style=\"text-align: center;\"><strong>mit Domain Privacy:<\/strong><\/p>\n<p>[\/et_pb_text][et_pb_image src=&#8220;https:\/\/domainprivacytrustee.ch\/wp-content\/uploads\/2019\/03\/ALLEMAND-illu-avec-domain-privacy.png&#8220; _builder_version=&#8220;3.17.6&#8243; \/][et_pb_text _builder_version=&#8220;3.0.91&#8243; max_width=&#8220;70%&#8220; module_alignment=&#8220;center&#8220; background_layout=&#8220;light&#8220;]<\/p>\n<p style=\"text-align: justify;\">Mit Domain Privacy erscheinen anstelle der personenbezogenen Daten der Domaininhaber die Adressangaben von Domain Privacy Trustee SA. Diese k\u00f6nnen aber weiterhin kontaktiert werden, indem ein vor SPAM und Robotern gesch\u00fctztes Kontaktformular genutzt wird, das die Identit\u00e4t des Inhabers vertraulich behandelt.<\/p>\n<p>[\/et_pb_text][\/et_pb_column][\/et_pb_row][et_pb_row custom_padding=&#8220;120px|0px|27px|0px&#8220; _builder_version=&#8220;3.0.91&#8243;][et_pb_column type=&#8220;4_4&#8243;][et_pb_button button_url=&#8220;\/contact\/&#8220; button_text=&#8220;Missbrauch melden&#8220; button_alignment=&#8220;center&#8220; _builder_version=&#8220;3.0.91&#8243; custom_padding=&#8220;10px|100px|10px|100px&#8220; custom_button=&#8220;on&#8220; button_text_color=&#8220;#ffffff&#8220; button_bg_color=&#8220;#0098ff&#8220; url_new_window=&#8220;off&#8220; background_layout=&#8220;light&#8220; button_icon_placement=&#8220;right&#8220; button_text_size__hover_enabled=&#8220;off&#8220; button_text_size__hover=&#8220;null&#8220; button_one_text_size__hover_enabled=&#8220;off&#8220; button_one_text_size__hover=&#8220;null&#8220; button_two_text_size__hover_enabled=&#8220;off&#8220; button_two_text_size__hover=&#8220;null&#8220; button_text_color__hover_enabled=&#8220;off&#8220; button_text_color__hover=&#8220;null&#8220; button_one_text_color__hover_enabled=&#8220;off&#8220; button_one_text_color__hover=&#8220;null&#8220; button_two_text_color__hover_enabled=&#8220;off&#8220; button_two_text_color__hover=&#8220;null&#8220; button_border_width__hover_enabled=&#8220;off&#8220; button_border_width__hover=&#8220;null&#8220; button_one_border_width__hover_enabled=&#8220;off&#8220; button_one_border_width__hover=&#8220;null&#8220; button_two_border_width__hover_enabled=&#8220;off&#8220; button_two_border_width__hover=&#8220;null&#8220; button_border_color__hover_enabled=&#8220;off&#8220; button_border_color__hover=&#8220;null&#8220; button_one_border_color__hover_enabled=&#8220;off&#8220; button_one_border_color__hover=&#8220;null&#8220; button_two_border_color__hover_enabled=&#8220;off&#8220; button_two_border_color__hover=&#8220;null&#8220; button_border_radius__hover_enabled=&#8220;off&#8220; button_border_radius__hover=&#8220;null&#8220; button_one_border_radius__hover_enabled=&#8220;off&#8220; button_one_border_radius__hover=&#8220;null&#8220; button_two_border_radius__hover_enabled=&#8220;off&#8220; button_two_border_radius__hover=&#8220;null&#8220; button_letter_spacing__hover_enabled=&#8220;off&#8220; button_letter_spacing__hover=&#8220;null&#8220; button_one_letter_spacing__hover_enabled=&#8220;off&#8220; button_one_letter_spacing__hover=&#8220;null&#8220; button_two_letter_spacing__hover_enabled=&#8220;off&#8220; button_two_letter_spacing__hover=&#8220;null&#8220; button_bg_color__hover_enabled=&#8220;off&#8220; button_bg_color__hover=&#8220;null&#8220; button_one_bg_color__hover_enabled=&#8220;off&#8220; button_one_bg_color__hover=&#8220;null&#8220; button_two_bg_color__hover_enabled=&#8220;off&#8220; button_two_bg_color__hover=&#8220;null&#8220; \/][\/et_pb_column][\/et_pb_row][\/et_pb_section]<\/p>","protected":false},"excerpt":{"rendered":"<p>Schutz der Vertraulichkeit von \u00f6ffentlich gespeicherten Daten Domain Privacy Trustee SA (DPT) bietet zusammen mit seinem Partnernetz eine L\u00f6sung, die Domaininhaber wirksam vor unerw\u00fcnschten E-Mails und Briefen und dem Missbrauch personenbezogener Daten sch\u00fctzt. Sie erhalten Schutz vor &nbsp; &nbsp; Gew\u00e4hrleistung der Vertraulichkeit personenbezogener Daten Domain Privacys Aufgabe besteht darin, die Vertraulichkeit der personenbezogenen Daten von [&hellip;]<\/p>\n","protected":false},"author":1,"featured_media":0,"parent":0,"menu_order":0,"comment_status":"closed","ping_status":"closed","template":"","meta":{"_et_pb_use_builder":"on","_et_pb_old_content":"","_et_gb_content_width":""},"_links":{"self":[{"href":"https:\/\/domainprivacytrustee.ch\/de\/wp-json\/wp\/v2\/pages\/50614"}],"collection":[{"href":"https:\/\/domainprivacytrustee.ch\/de\/wp-json\/wp\/v2\/pages"}],"about":[{"href":"https:\/\/domainprivacytrustee.ch\/de\/wp-json\/wp\/v2\/types\/page"}],"author":[{"embeddable":true,"href":"https:\/\/domainprivacytrustee.ch\/de\/wp-json\/wp\/v2\/users\/1"}],"replies":[{"embeddable":true,"href":"https:\/\/domainprivacytrustee.ch\/de\/wp-json\/wp\/v2\/comments?post=50614"}],"version-history":[{"count":95,"href":"https:\/\/domainprivacytrustee.ch\/de\/wp-json\/wp\/v2\/pages\/50614\/revisions"}],"predecessor-version":[{"id":50963,"href":"https:\/\/domainprivacytrustee.ch\/de\/wp-json\/wp\/v2\/pages\/50614\/revisions\/50963"}],"wp:attachment":[{"href":"https:\/\/domainprivacytrustee.ch\/de\/wp-json\/wp\/v2\/media?parent=50614"}],"curies":[{"name":"wp","href":"https:\/\/api.w.org\/{rel}","templated":true}]}}