{"id":50777,"date":"2017-12-12T15:16:51","date_gmt":"2017-12-12T14:16:51","guid":{"rendered":"http:\/\/domainprivacytrustee.ch\/?page_id=50777"},"modified":"2018-11-29T09:12:30","modified_gmt":"2018-11-29T08:12:30","slug":"cg","status":"publish","type":"page","link":"https:\/\/domainprivacytrustee.ch\/de\/cg\/","title":{"rendered":"CG"},"content":{"rendered":"<p>[et_pb_section bb_built=&#8220;1&#8243; _builder_version=&#8220;3.0.47&#8243;][et_pb_row _builder_version=&#8220;3.0.47&#8243; background_size=&#8220;initial&#8220; background_position=&#8220;top_left&#8220; background_repeat=&#8220;repeat&#8220;][et_pb_column type=&#8220;4_4&#8243;][et_pb_text _builder_version=&#8220;3.0.91&#8243; background_layout=&#8220;light&#8220;]<\/p>\n<h3 style=\"text-align: center; font-size: 26pt; color: rgba(0, 0, 0, 0.6);\"><strong>ALLGEMEINE DIENSTLEISTUNGS- UND NUTZUNGEBDINGUNGEN DES DOMAIN-PRIVACY-DIENSTES<\/strong><\/h3>\n<p>[\/et_pb_text][et_pb_text _builder_version=&#8220;3.12.2&#8243;]<\/p>\n<p>1. Die vorliegenden Allgemeinen Nutzungsbedingungen (nachfolgend als \u00abANB\u00bb bezeichnet) legen die Bereitstellungs- und Nutzungsbedingungen des Domain-Privacy-Dienstes fest, der von Domain Privacy Trustee SA (nachfolgend als \u00abDienstleister\u00bb bezeichnet) angeboten wird. Sie gelten f\u00fcr jede nat\u00fcrliche oder juristische Person des privaten und \u00f6ffentlichen Rechts (nachfolgend als \u00abKunde\u00bb bezeichnet) mit einem Kundenkonto bei einem Anbieter von Registrierungsdienstleistungen (nachfolgend als \u00abRegistrar\u00bb bezeichnet), der mit Domain Privacy Trustee SA zusammenarbeitet und f\u00fcr den der Kunde den Domain-Privacy-Dienst f\u00fcr einen seiner Domainnamen aktiviert hat.<\/p>\n<p>2. Der Kunde erkl\u00e4rt, vor Aufgabe seiner Bestellung die ANB zur Kenntnis genommen zu haben. Indem er Domain Privacy bestellt, akzeptiert und versteht der Kunde stillschweigend die vorliegenden ANB.<\/p>\n<p>3. Bei Streitf\u00e4llen oder Konflikten ist die franz\u00f6sische Version dieses Dokuments massgebend.<\/p>\n<p>4. Der Dienstleister beh\u00e4lt sich das Recht vor, die ANB jederzeit zu aktualisieren und zu \u00e4ndern.<\/p>\n<p>5. Domain Privacy (nachfolgend als \u00abDienst\u00bb bezeichnet) ist eine optionale, erg\u00e4nzende Dienstleistung f\u00fcr individuelle Registrierungen von Domainnamen und f\u00fcr vorhandene Domainnamen, welche bei Registrars, die mit dem Dienstleister zusammenarbeiten, angemeldet werden.<\/p>\n<p>6. Zweck dieses Dienstes ist es nicht, verbotene oder fragw\u00fcrdige Aktivit\u00e4ten zu decken, sondern lediglich, die personenbezogenen Daten im WHOIS-Verzeichnis vor Missbrauch zu sch\u00fctzen. Domain Privacy Trustee SA analysiert manuell die ihr vorgelegten Identifikationsanfragen bez\u00fcglich WHOIS-Daten und beh\u00e4lt sich das Recht vor, umgehend die Identit\u00e4t des Inhabers gegen\u00fcber m\u00f6glichen Beschwerdef\u00fchrern offenzulegen. Der Kunde kann diesen Dienst f\u00fcr jeden beliebigen Domainnamen, den er kontrolliert oder erwirbt, aktivieren (aus Gr\u00fcnden der Registrierungspolitik k\u00f6nnen bestimmte TLD jedoch davon ausgeschlossen sein). Der Kunde hat jederzeit die M\u00f6glichkeit, den Dienst zu deaktivieren, sodass seine personenbezogenen Daten wieder im WHOIS-Verzeichnis erscheinen.<\/p>\n<p>7. Der Kunde kann den Dienst jederzeit deaktivieren und die WHOIS-Daten durch seine pers\u00f6nlichen Daten ersetzen.<\/p>\n<p>8. Der Kunde bleibt rechtm\u00e4ssiger Eigent\u00fcmer des Domainnamens und beh\u00e4lt seine Rechte und Pflichten.<\/p>\n<p>9. Der Kunde verpflichtet sich, die allgemeinen Gesch\u00e4ftsbedingungen der Registrars einzuhalten, welche mit dem Dienstleister zusammenarbeiten. Er achtet insbesondere darauf, dem Inhaber des Domainnamens, dem Administrator sowie den Rechnungs- und technischen Kontaktpersonen korrekte und aktuelle Registrierungsinformationen vorzulegen und diese Informationen zu pflegen. Der Name, die Postadresse, die E-Mail-Adresse, die Telefon- und die Faxnummer dieser Kontakte m\u00fcssen g\u00fcltig und auf dem neuesten Stand sein.<\/p>\n<p>10. Der Kunde garantiert die Richtigkeit seiner Kontaktangaben und akzeptiert, dass alle Registrierungsinformationen vom Registrar in einer Datenbank gespeichert und beim Dienstleister hinterlegt werden.<\/p>\n<p>11. Im Fall der Verwendung unrichtiger, falscher oder veralteter Informationen ist der Dienstleister berechtigt, alle notwendigen Massnahmen zu ergreifen, um eine rechtliche oder finanzielle Haftung auszuschliessen, und kann dazu auch den Domainnamen l\u00f6schen oder den Dienst deaktivieren.<\/p>\n<p>12. Der Kunde beh\u00e4lt die volle Verantwortung \u00fcber die Registrierung und die Verwendung des Domainnamens und verpflichtet sich, den Dienstleister und dessen Mutter- und Tochtergesellschaften, verbundene Unternehmen, Aktion\u00e4re, Vertreter, Verwaltungsratsmitglieder, F\u00fchrungskr\u00e4fte und Mitarbeiter sowie den Registrar von jeglichen Anspr\u00fcchen, Forderungen, Haftungen, Verlusten, Sch\u00e4den oder Kosten einschliesslich angemessener Anwaltshonorare, die sich in irgendeiner Weise daraus ergeben oder damit verbunden sind, freizustellen, zu verteidigen, zu entsch\u00e4digen und schadlos zu halten.<\/p>\n<p>13. F\u00fcr jeden Domainnamen, der den Dienst nutzt, werden folgende Informationen anstelle der Angaben in der WHOIS-Datenbank angezeigt:<\/p>\n<pre>Domain Privacy Trustee SA\r\nCase postale 1314\r\n1211 Gen\u00e8ve 26\r\n+41 22 593 50 07\r\nprivacy@domainprivacytrustee.ch<\/pre>\n<p>14. Domain Privacy ist kein Nachsendeservice f\u00fcr Briefe; daher willigt der Kunde ein, die Kontaktangaben des Dienstleisters nicht f\u00fcr die Kommunikation mit Dritten zu verwenden.<\/p>\n<p>15. Alle E-Mails, welche an die Adresse im WHOIS-Verzeichnis gesendet werden, gehen verloren. Der Absender erh\u00e4lt jedoch eine automatische R\u00fcckantwort per E-Mail mit Anweisungen, um eine Nachricht an den Inhaber der Domain senden zu k\u00f6nnen.<\/p>\n<p>16. Sendungen an die Postadresse des Dienstleisters werden nicht unbedingt an den Kunden weitergeleitet, und dieser willigt darin ein, dass der Dienstleister alle an den Inhaber des Domainnamens gerichtete Sendungen pr\u00fcfen, zur\u00fccksenden, zerst\u00f6ren und\/oder ablehnen kann.<\/p>\n<p>17. Der Kunde verpflichtet sich, nicht aus dem Grund Beschwerde einzureichen, dass er Sendungen an den Inhaber des Domainnamens nicht erhalten hat.<\/p>\n<p>18. Der Kunde akzeptiert, dass der Dienstleister, ohne vom Kunden haftbar gemacht werden zu k\u00f6nnen, den Dienst jederzeit nach eigenem Ermessen aussetzen und deaktivieren und folglich den Anmelder begr\u00fcndetermassen offenlegen und seine Angaben an das WHOIS-Verzeichnis weitergeben kann.<br \/>\nDaf\u00fcr kommen unter anderem folgende Gr\u00fcnde in Frage:<\/p>\n<ul>\n<li>Ausbleibende Zahlungen f\u00fcr den Dienst.<\/li>\n<li>Verstoss gegen eine Bestimmung der ANB oder der Vereinbarung mit dem Registrar<\/li>\n<li>Aufforderung durch eine Registry, Anordnung des Gerichts oder einer Vollzugsbeh\u00f6rde<\/li>\n<li>Eingang einer Klage wegen der Nutzung oder der Registrierung eines Domainnamens<\/li>\n<li>Verwendung des Domainnamens zu gewerblichen Zwecken<\/li>\n<li>L\u00f6schung des Domainnamens<\/li>\n<\/ul>\n<p>19. Die Aussetzung oder die Einstellung des Dienstes zieht die umgehende Offenlegung der Angaben \u00fcber die Beteiligten im WHOIS-Verzeichnis sowie gegen\u00fcber Dritten, die dies verlangen, nach sich.<\/p>\n<p>20. Der Dienstleister haftet nicht f\u00fcr Verz\u00f6gerungen und Unterbrechungen des Dienstes wegen h\u00f6herer Gewalt. In allen anderen F\u00e4llen beschr\u00e4nkt sich die Haftung auf den j\u00e4hrlichen Betrag, der dem Kunden f\u00fcr diesen Dienst in Rechnung gestellt wird.<\/p>\n<p>21. Die Kosten des Dienstes werden \u00fcber den Registrar in Rechnung gestellt. Die geltenden Preise werden auf der Website des Registrars ohne Gew\u00e4hr ver\u00f6ffentlicht und k\u00f6nnen jederzeit ge\u00e4ndert werden.<\/p>\n<p>22. Im Fall der Verl\u00e4ngerung des Dienstes h\u00e4ngt der Tarif von dem zum Zeitpunkt der Verl\u00e4ngerung geltenden Preis ab. Am Ende einer Nutzungsperiode verl\u00e4ngert sich der Dienst automatisch um eine weitere Nutzungsperiode, sofern er nicht vom Kunden in der Verwaltungskonsole des Registrars gek\u00fcndigt wird.<\/p>\n<p>23. Im Fall der K\u00fcndigung oder Aussetzung des Dienstes oder des Transfers des Domainnamens ist eine Teilr\u00fcckerstattung der Dienstkosten f\u00fcr die Restlaufzeit nicht m\u00f6glich.<\/p>\n<p>24. Der Dienstleister und der Registrar behalten sich das Recht vor, einen Transferauftrag oder eine Anforderung des Autorisierungscodes f\u00fcr einen Domainnamen durch den Kunden abzulehnen, solange der Dienst aktiviert ist.<\/p>\n<p>25. Wenn eine der Bestimmungen der vorliegenden ANB undurchf\u00fchrbar und\/oder unwirksam sein oder werden sollte, w\u00fcrde diese Undurchf\u00fchrbarkeit und\/oder Unwirksamkeit nicht dazu f\u00fchren, dass diese Allgemeinen Nutzungsbedingungen insgesamt undurchf\u00fchrbar und\/oder unwirksam werden. Jede als undurchf\u00fchrbar oder unwirksam erachtete Bestimmung wird durch durchf\u00fchrbare und wirksame Bestimmungen ersetzt, welche in wirtschaftlicher und rechtlicher Hinsicht so weit wie m\u00f6glich den Zielen und Absichten der urspr\u00fcnglichen Bestimmungen entsprechen, welche von den Parteien vereinbart worden w\u00e4ren, wenn sie zum Zeitpunkt der Annahme der vorliegenden Allgemeinen Nutzungsbedingungen Kenntnis von der Nichtigkeit gehabt h\u00e4tten.<\/p>\n<p>26. Der Kunde verpflichtet sich, w\u00e4hrend der gesamten Laufzeit des Vertrags die geltenden schweizerischen und internationalen Gesetze einzuhalten. Der Dienstleister ist ausserdem bestrebt, sich an die Urteile der Beh\u00f6rden der OECD-L\u00e4nder zu halten.<\/p>\n<p>27. Ein jeder Rechtsstreit in Zusammenhang mit den vorliegenden ANB, ihrem Abschluss, ihrer Ausf\u00fchrung oder ihrer K\u00fcndigung unterliegt dem schweizerischen Recht. Ausschliesslicher Gerichtsstand ist Genf vorbehaltlich einer Klageerhebung beim Bundesgericht in Lausanne.<\/p>\n<p>[\/et_pb_text][\/et_pb_column][\/et_pb_row][\/et_pb_section]<\/p>","protected":false},"excerpt":{"rendered":"<p>ALLGEMEINE DIENSTLEISTUNGS- UND NUTZUNGEBDINGUNGEN DES DOMAIN-PRIVACY-DIENSTES 1. Die vorliegenden Allgemeinen Nutzungsbedingungen (nachfolgend als \u00abANB\u00bb bezeichnet) legen die Bereitstellungs- und Nutzungsbedingungen des Domain-Privacy-Dienstes fest, der von Domain Privacy Trustee SA (nachfolgend als \u00abDienstleister\u00bb bezeichnet) angeboten wird. Sie gelten f\u00fcr jede nat\u00fcrliche oder juristische Person des privaten und \u00f6ffentlichen Rechts (nachfolgend als \u00abKunde\u00bb bezeichnet) mit einem Kundenkonto [&hellip;]<\/p>\n","protected":false},"author":1,"featured_media":0,"parent":0,"menu_order":0,"comment_status":"closed","ping_status":"closed","template":"","meta":{"_et_pb_use_builder":"on","_et_pb_old_content":"","_et_gb_content_width":""},"_links":{"self":[{"href":"https:\/\/domainprivacytrustee.ch\/de\/wp-json\/wp\/v2\/pages\/50777"}],"collection":[{"href":"https:\/\/domainprivacytrustee.ch\/de\/wp-json\/wp\/v2\/pages"}],"about":[{"href":"https:\/\/domainprivacytrustee.ch\/de\/wp-json\/wp\/v2\/types\/page"}],"author":[{"embeddable":true,"href":"https:\/\/domainprivacytrustee.ch\/de\/wp-json\/wp\/v2\/users\/1"}],"replies":[{"embeddable":true,"href":"https:\/\/domainprivacytrustee.ch\/de\/wp-json\/wp\/v2\/comments?post=50777"}],"version-history":[{"count":45,"href":"https:\/\/domainprivacytrustee.ch\/de\/wp-json\/wp\/v2\/pages\/50777\/revisions"}],"predecessor-version":[{"id":50951,"href":"https:\/\/domainprivacytrustee.ch\/de\/wp-json\/wp\/v2\/pages\/50777\/revisions\/50951"}],"wp:attachment":[{"href":"https:\/\/domainprivacytrustee.ch\/de\/wp-json\/wp\/v2\/media?parent=50777"}],"curies":[{"name":"wp","href":"https:\/\/api.w.org\/{rel}","templated":true}]}}