{"id":50589,"date":"2017-12-08T15:12:16","date_gmt":"2017-12-08T14:12:16","guid":{"rendered":"http:\/\/domainprivacytrustee.ch\/?page_id=50589"},"modified":"2024-11-21T09:12:02","modified_gmt":"2024-11-21T08:12:02","slug":"contact","status":"publish","type":"page","link":"https:\/\/domainprivacytrustee.ch\/en\/contact-3\/","title":{"rendered":"Contact"},"content":{"rendered":"[et_pb_section bb_built=&#8221;1&#8243; admin_label=&#8221;Join Now Call to Action&#8221; background_color=&#8221;#0098ff&#8221; _builder_version=&#8221;3.0.91&#8243; background_color_gradient_direction=&#8221;221deg&#8221; custom_margin=&#8221;|||&#8221; custom_padding=&#8221;110px|0px|110px|0px&#8221; next_background_color=&#8221;#fafbfc&#8221;][et_pb_row _builder_version=&#8221;3.0.91&#8243;][et_pb_column type=&#8221;4_4&#8243;][et_pb_text background_layout=&#8221;dark&#8221; _builder_version=&#8221;3.0.91&#8243; text_font=&#8221;Poppins||||||||&#8221; text_font_size=&#8221;18px&#8221; text_text_color=&#8221;rgba(255,255,255,0.8)&#8221; text_line_height=&#8221;1.8em&#8221; header_font_size=&#8221;24px&#8221; header_text_color=&#8221;#ffffff&#8221; header_3_font=&#8221;Poppins|600|||||||&#8221; header_3_font_size=&#8221;36px&#8221; header_3_line_height=&#8221;1.4em&#8221; custom_margin=&#8221;|||&#8221;]\r\n\r\n<h3>Kontakt<\/h3>\r\n<p>Domain Privacy ist ausschliesslich \u00fcber unser Partnernetz erh\u00e4ltlich.<br \/>\r\nBenutzen Sie bitte <a href=\"\/contact-registrant\/\" style=\"color:#fafbfc\">dieses Formular<\/a>, um einen Domaininhaber zu kontaktieren.<\/p>\r\n\r\n[\/et_pb_text][\/et_pb_column][\/et_pb_row][\/et_pb_section][et_pb_section bb_built=&#8221;1&#8243; admin_label=&#8221;Contact Info Section&#8221; background_color=&#8221;#fafbfc&#8221; _builder_version=&#8221;3.0.83&#8243; custom_padding=&#8221;50px|0px|90px|0px&#8221; prev_background_color=&#8221;#0098ff&#8221; next_background_color=&#8221;#0098ff&#8221;][et_pb_row custom_padding=&#8221;27px|0px|40px|0px&#8221; _builder_version=&#8221;3.0.91&#8243;][et_pb_column type=&#8221;4_4&#8243;][et_pb_blurb icon_color=&#8221;#ffffff&#8221; use_circle=&#8221;on&#8221; circle_color=&#8221;#1bb3eb&#8221; icon_placement=&#8221;left&#8221; content_max_width=&#8221;100%&#8221; _builder_version=&#8221;3.0.91&#8243; header_font=&#8221;Poppins|500|||||||&#8221; header_text_color=&#8221;#486066&#8243; header_line_height=&#8221;1.4em&#8221; body_font=&#8221;Open Sans||||||||&#8221; body_font_size=&#8221;15px&#8221; body_text_color=&#8221;#959ca5&#8243; body_line_height=&#8221;1.8em&#8221; background_color=&#8221;#ffffff&#8221; border_radii=&#8221;on|6px|6px|6px|6px&#8221; custom_margin=&#8221;|||&#8221; custom_padding=&#8221;30px|20px|30px|20px&#8221; animation_style=&#8221;fade&#8221; animation_delay=&#8221;100ms&#8221; animation=&#8221;off&#8221; box_shadow_style=&#8221;preset1&#8243; box_shadow_vertical=&#8221;10px&#8221; box_shadow_blur=&#8221;24px&#8221; box_shadow_spread=&#8221;6px&#8221; box_shadow_color=&#8221;rgba(0,0,0,0.06)&#8221;]\r\n\r\n<p style=\"text-align: justify; color:black;\">Domain Privacy dient nicht dazu, verbotene oder moralisch fragw\u00fcrdige Aktivit\u00e4ten wie z.B. den Versand unerw\u00fcnschter E-Mails, die Verbreitung von Malware-Dateien, den Gesetzesmissbrauch oder den Verstoss gegen Gesetze oder Urheberrechte zu verschleiern. Im Falle einer Beschwerde oder eines Missbrauchs des Dienstes analysiert Domain Privacy Trustee SA den Sachverhalt vor dem Hintergrund der vorliegenden Beweise und beh\u00e4lt sich das Recht vor, dem Beschwerdef\u00fchrer unverz\u00fcglich den Namen des Inhabers zu nennen und den Dienst f\u00fcr die betreffende Domain einzustellen.<\/p>\r\n\r\n[\/et_pb_blurb][\/et_pb_column][\/et_pb_row][et_pb_row custom_padding=&#8221;27px|0px|36px|0px&#8221; _builder_version=&#8221;3.0.89&#8243;][et_pb_column type=&#8221;4_4&#8243;][et_pb_text _builder_version=&#8221;3.0.91&#8243;]\r\n\r\n<h3 style=\"text-align: center; font-size: 26pt; color : rgba(0, 0, 0, 0.6)\"><strong>Uns kontaktieren<\/strong><\/h3>\r\n\r\n[\/et_pb_text][et_pb_contact_form captcha=&#8221;off&#8221; email=&#8221;info@domainprivacytrustee.ch&#8221; module_id=&#8221;et_pb_contact_form_0&#8243; _builder_version=&#8221;3.0.91&#8243; form_field_font=&#8221;Poppins||||||||&#8221; border_radii=&#8221;on|6px|6px|6px|6px&#8221; custom_margin=&#8221;|||&#8221; custom_padding=&#8221;|||&#8221; custom_button=&#8221;on&#8221; button_text_size=&#8221;15px&#8221; button_text_color=&#8221;#ffffff&#8221; button_bg_color=&#8221;#0098ff&#8221; button_border_width=&#8221;10px&#8221; button_border_color=&#8221;#0098ff&#8221; button_border_radius=&#8221;10px&#8221; button_font=&#8221;Poppins|600||on|||||&#8221; button_icon=&#8221;%%45%%&#8221; box_shadow_style_button=&#8221;preset3&#8243; box_shadow_color_button=&#8221;rgba(102,193,255,0.68)&#8221; box_shadow_style=&#8221;preset1&#8243; box_shadow_vertical=&#8221;10px&#8221; box_shadow_blur=&#8221;24px&#8221; box_shadow_spread=&#8221;6px&#8221; box_shadow_color=&#8221;rgba(0,0,0,0.06)&#8221;][et_pb_contact_field field_id=&#8221;nom&#8221; field_title=&#8221;Name, Vorname&#8221; fullwidth_field=&#8221;on&#8221; field_background_color=&#8221;#fcfcfc&#8221; _builder_version=&#8221;3.0.91&#8243; form_field_font=&#8221;|500|||||||&#8221; border_radii=&#8221;on||||&#8221;][\/et_pb_contact_field][et_pb_contact_field field_id=&#8221;Email&#8221; field_title=&#8221;E-Mail&#8221; field_type=&#8221;email&#8221; fullwidth_field=&#8221;on&#8221; field_background_color=&#8221;#ffffff&#8221; _builder_version=&#8221;3.0.91&#8243; form_field_font=&#8221;|500|||||||&#8221; border_radii=&#8221;on||||&#8221;][\/et_pb_contact_field][et_pb_contact_field field_id=&#8221;Message&#8221; field_title=&#8221;Nachricht&#8221; field_type=&#8221;text&#8221; fullwidth_field=&#8221;on&#8221; field_background_color=&#8221;#ffffff&#8221; _builder_version=&#8221;3.0.91&#8243; form_field_font=&#8221;|500|||||||&#8221; border_radii=&#8221;on||||&#8221;][\/et_pb_contact_field][\/et_pb_contact_form][\/et_pb_column][\/et_pb_row][et_pb_row _builder_version=&#8221;3.0.89&#8243;][et_pb_column type=&#8221;1_2&#8243;][et_pb_blurb title=&#8221;Domain Privacy Trustee SA &#8221; use_icon=&#8221;on&#8221; font_icon=&#8221;%%249%%&#8221; icon_color=&#8221;#ffffff&#8221; use_circle=&#8221;on&#8221; circle_color=&#8221;#1bb3eb&#8221; icon_placement=&#8221;left&#8221; use_icon_font_size=&#8221;on&#8221; icon_font_size=&#8221;32px&#8221; _builder_version=&#8221;3.17.6&#8243; header_font=&#8221;Poppins|500|||||||&#8221; header_text_color=&#8221;#486066&#8243; header_line_height=&#8221;1.4em&#8221; body_font=&#8221;Open Sans||||||||&#8221; body_font_size=&#8221;15px&#8221; body_text_color=&#8221;#959ca5&#8243; body_line_height=&#8221;1.8em&#8221; background_color=&#8221;#ffffff&#8221; border_radii=&#8221;on|6px|6px|6px|6px&#8221; custom_margin=&#8221;|||&#8221; custom_padding=&#8221;30px|20px|30px|20px&#8221; animation_style=&#8221;fade&#8221; animation_delay=&#8221;100ms&#8221; animation=&#8221;off&#8221; box_shadow_style=&#8221;preset1&#8243; box_shadow_vertical=&#8221;10px&#8221; box_shadow_blur=&#8221;24px&#8221; box_shadow_spread=&#8221;6px&#8221; box_shadow_color=&#8221;rgba(0,0,0,0.06)&#8221;]\r\n\r\n<p>Domain Privacy Trustee SA<br>\r\nrue Eug\u00e8ne Marziano 25<br>\r\n1227 Gen\u00e8ve<\/p>\r\n\r\n[\/et_pb_blurb][\/et_pb_column][et_pb_column type=&#8221;1_2&#8243;][et_pb_blurb title=&#8221;Telefonnummer&#8221; use_icon=&#8221;on&#8221; font_icon=&#8221;%%264%%&#8221; icon_color=&#8221;#ffffff&#8221; use_circle=&#8221;on&#8221; circle_color=&#8221;#1bb3eb&#8221; icon_placement=&#8221;left&#8221; use_icon_font_size=&#8221;on&#8221; icon_font_size=&#8221;32px&#8221; _builder_version=&#8221;3.0.91&#8243; header_font=&#8221;Poppins|500|||||||&#8221; header_text_color=&#8221;#486066&#8243; header_line_height=&#8221;1.4em&#8221; body_font=&#8221;Open Sans||||||||&#8221; body_font_size=&#8221;15px&#8221; body_text_color=&#8221;#959ca5&#8243; body_line_height=&#8221;1.8em&#8221; background_color=&#8221;#ffffff&#8221; border_radii=&#8221;on|6px|6px|6px|6px&#8221; custom_margin=&#8221;|||&#8221; custom_padding=&#8221;30px|20px|30px|20px&#8221; animation_style=&#8221;fade&#8221; animation_delay=&#8221;100ms&#8221; animation=&#8221;off&#8221; box_shadow_style=&#8221;preset1&#8243; box_shadow_vertical=&#8221;10px&#8221; box_shadow_blur=&#8221;24px&#8221; box_shadow_spread=&#8221;6px&#8221; box_shadow_color=&#8221;rgba(0,0,0,0.06)&#8221;]\r\n\r\n<p>+41 22 593 50 07<br> contact@domainprivacytrustee.ch<\/p>\r\n\r\n[\/et_pb_blurb][\/et_pb_column][\/et_pb_row][\/et_pb_section][et_pb_section bb_built=&#8221;1&#8243; admin_label=&#8221;Join Now Call to Action&#8221; background_color=&#8221;#0098ff&#8221; _builder_version=&#8221;3.0.91&#8243; background_color_gradient_direction=&#8221;221deg&#8221; custom_margin=&#8221;|||&#8221; custom_padding=&#8221;110px|0px|110px|0px&#8221; prev_background_color=&#8221;#fafbfc&#8221;][et_pb_row _builder_version=&#8221;3.0.89&#8243;][et_pb_column type=&#8221;4_4&#8243;][et_pb_text background_layout=&#8221;dark&#8221; _builder_version=&#8221;3.0.91&#8243; text_font=&#8221;Poppins||||||||&#8221; text_font_size=&#8221;18px&#8221; text_text_color=&#8221;rgba(255,255,255,0.8)&#8221; text_line_height=&#8221;1.8em&#8221; header_font_size=&#8221;24px&#8221; header_text_color=&#8221;#ffffff&#8221; header_3_font=&#8221;Poppins|600|||||||&#8221; header_3_font_size=&#8221;36px&#8221; header_3_line_height=&#8221;1.4em&#8221; custom_margin=&#8221;|||&#8221;]\r\n\r\n<h3>Disclaimer<\/h3>\r\n<p>Domain Privacy Trustee SA besitzt kein Eigentumsrecht an den Domains, und der Kunde bleibt der einzige rechtm\u00e4ssige Eigent\u00fcmer mit den \u00fcblichen Rechten und Pflichten. Der Missbrauch oder die widerrechtliche Nutzung des Dienstes kann unter dieser Adresse gemeldet werden: https:\/\/contact.domainprivacytrustee.ch<\/p>\r\n\r\n[\/et_pb_text][\/et_pb_column][\/et_pb_row][\/et_pb_section]","protected":false},"excerpt":{"rendered":"<p>Kontakt Domain Privacy ist ausschliesslich \u00fcber unser Partnernetz erh\u00e4ltlich. Benutzen Sie bitte dieses Formular, um einen Domaininhaber zu kontaktieren. Domain Privacy dient nicht dazu, verbotene oder moralisch fragw\u00fcrdige Aktivit\u00e4ten wie z.B. den Versand unerw\u00fcnschter E-Mails, die Verbreitung von Malware-Dateien, den Gesetzesmissbrauch oder den Verstoss gegen Gesetze oder Urheberrechte zu verschleiern. Im Falle einer Beschwerde oder [&hellip;]<\/p>\n","protected":false},"author":1,"featured_media":0,"parent":0,"menu_order":0,"comment_status":"closed","ping_status":"closed","template":"","meta":{"_et_pb_use_builder":"on","_et_pb_old_content":"","_et_gb_content_width":""},"_links":{"self":[{"href":"https:\/\/domainprivacytrustee.ch\/en\/wp-json\/wp\/v2\/pages\/50589"}],"collection":[{"href":"https:\/\/domainprivacytrustee.ch\/en\/wp-json\/wp\/v2\/pages"}],"about":[{"href":"https:\/\/domainprivacytrustee.ch\/en\/wp-json\/wp\/v2\/types\/page"}],"author":[{"embeddable":true,"href":"https:\/\/domainprivacytrustee.ch\/en\/wp-json\/wp\/v2\/users\/1"}],"replies":[{"embeddable":true,"href":"https:\/\/domainprivacytrustee.ch\/en\/wp-json\/wp\/v2\/comments?post=50589"}],"version-history":[{"count":75,"href":"https:\/\/domainprivacytrustee.ch\/en\/wp-json\/wp\/v2\/pages\/50589\/revisions"}],"predecessor-version":[{"id":50980,"href":"https:\/\/domainprivacytrustee.ch\/en\/wp-json\/wp\/v2\/pages\/50589\/revisions\/50980"}],"wp:attachment":[{"href":"https:\/\/domainprivacytrustee.ch\/en\/wp-json\/wp\/v2\/media?parent=50589"}],"curies":[{"name":"wp","href":"https:\/\/api.w.org\/{rel}","templated":true}]}}