{"id":1420,"date":"2017-01-06T15:25:48","date_gmt":"2017-01-06T14:25:48","guid":{"rendered":"http:\/\/demo.infomaniak.com\/divi\/?page_id=1420"},"modified":"2017-12-19T16:14:29","modified_gmt":"2017-12-19T15:14:29","slug":"contact-registrant","status":"publish","type":"page","link":"https:\/\/domainprivacytrustee.ch\/es\/contact-registrant\/","title":{"rendered":"Contact Registrant"},"content":{"rendered":"<p>[et_pb_section bb_built=\u00bb1&#8243; admin_label=\u00bbContact Info Section\u00bb _builder_version=\u00bb3.0.83&#8243; custom_padding=\u00bb50px|0px|25px|0px\u00bb][et_pb_row _builder_version=\u00bb3.0.91&#8243; custom_padding=\u00bb27px|0px|0px|0px\u00bb][et_pb_column type=\u00bb4_4&#8243;][et_pb_text _builder_version=\u00bb3.0.91&#8243; background_layout=\u00bblight\u00bb]<\/p>\n<h3 style=\"text-align: center; font-size: 26pt; color: rgba(0, 0, 0, 0.6);\"><strong>Contact Registrant \/ Report Abuse<\/strong><\/h3>\n<p style=\"text-align: center;\">Para contactar con el propietario del dominio, utilice el formulario siguiente.<\/p>\n<p><iframe loading=\"lazy\" src=\"https:\/\/contact.domainprivacytrustee.ch\/\" width=\"1000\" height=\"700\"><\/iframe><\/p>\n<p>[\/et_pb_text][\/et_pb_column][\/et_pb_row][\/et_pb_section][et_pb_section bb_built=\u00bb1&#8243; admin_label=\u00bbJoin Now Call to Action\u00bb background_color=\u00bb#0098ff\u00bb _builder_version=\u00bb3.0.91&#8243; background_color_gradient_direction=\u00bb221deg\u00bb custom_margin=\u00bb|||\u00bb custom_padding=\u00bb110px|0px|110px|0px\u00bb][et_pb_row _builder_version=\u00bb3.0.89&#8243; background_size=\u00bbinitial\u00bb background_position=\u00bbtop_left\u00bb background_repeat=\u00bbrepeat\u00bb][et_pb_column type=\u00bb4_4&#8243;][et_pb_text background_layout=\u00bbdark\u00bb _builder_version=\u00bb3.0.91&#8243; text_font=\u00bbPoppins||||||||\u00bb text_font_size=\u00bb18px\u00bb text_text_color=\u00bbrgba(255,255,255,0.8)\u00bb text_line_height=\u00bb1.8em\u00bb header_font_size=\u00bb24px\u00bb header_text_color=\u00bb#ffffff\u00bb header_3_font=\u00bbPoppins|600|||||||\u00bb header_3_font_size=\u00bb36px\u00bb header_3_line_height=\u00bb1.4em\u00bb custom_margin=\u00bb|||\u00bb]<\/p>\n<h3>Cl\u00e1usula de no responsabilidad<\/h3>\n<p>Domain Privacy Trustee SA no posee ning\u00fan derecho de propiedad sobre los dominios, y el cliente es el \u00fanico propietario leg\u00edtimo con sus derechos y obligaciones usuales. El uso abusivo o ilegal del servicio puede indicarse en la direcci\u00f3n siguiente: https:\/\/contact.domainprivacytrustee.ch<\/p>\n<p>[\/et_pb_text][\/et_pb_column][\/et_pb_row][\/et_pb_section]<\/p>","protected":false},"excerpt":{"rendered":"<p>Contact Registrant \/ Report Abuse Para contactar con el propietario del dominio, utilice el formulario siguiente. Cl\u00e1usula de no responsabilidad Domain Privacy Trustee SA no posee ning\u00fan derecho de propiedad sobre los dominios, y el cliente es el \u00fanico propietario leg\u00edtimo con sus derechos y obligaciones usuales. El uso abusivo o ilegal del servicio puede [&hellip;]<\/p>\n","protected":false},"author":1,"featured_media":0,"parent":0,"menu_order":0,"comment_status":"closed","ping_status":"closed","template":"","meta":{"_et_pb_use_builder":"on","_et_pb_old_content":"","_et_gb_content_width":""},"_links":{"self":[{"href":"https:\/\/domainprivacytrustee.ch\/es\/wp-json\/wp\/v2\/pages\/1420"}],"collection":[{"href":"https:\/\/domainprivacytrustee.ch\/es\/wp-json\/wp\/v2\/pages"}],"about":[{"href":"https:\/\/domainprivacytrustee.ch\/es\/wp-json\/wp\/v2\/types\/page"}],"author":[{"embeddable":true,"href":"https:\/\/domainprivacytrustee.ch\/es\/wp-json\/wp\/v2\/users\/1"}],"replies":[{"embeddable":true,"href":"https:\/\/domainprivacytrustee.ch\/es\/wp-json\/wp\/v2\/comments?post=1420"}],"version-history":[{"count":27,"href":"https:\/\/domainprivacytrustee.ch\/es\/wp-json\/wp\/v2\/pages\/1420\/revisions"}],"predecessor-version":[{"id":50866,"href":"https:\/\/domainprivacytrustee.ch\/es\/wp-json\/wp\/v2\/pages\/1420\/revisions\/50866"}],"wp:attachment":[{"href":"https:\/\/domainprivacytrustee.ch\/es\/wp-json\/wp\/v2\/media?parent=1420"}],"curies":[{"name":"wp","href":"https:\/\/api.w.org\/{rel}","templated":true}]}}