{"id":50589,"date":"2017-12-08T15:12:16","date_gmt":"2017-12-08T14:12:16","guid":{"rendered":"http:\/\/domainprivacytrustee.ch\/?page_id=50589"},"modified":"2024-11-21T09:12:02","modified_gmt":"2024-11-21T08:12:02","slug":"contact","status":"publish","type":"page","link":"https:\/\/domainprivacytrustee.ch\/es\/contact-3\/","title":{"rendered":"Contacto"},"content":{"rendered":"[et_pb_section bb_built=\u00bb1&#8243; admin_label=\u00bbJoin Now Call to Action\u00bb background_color=\u00bb#0098ff\u00bb _builder_version=\u00bb3.0.91&#8243; background_color_gradient_direction=\u00bb221deg\u00bb custom_margin=\u00bb|||\u00bb custom_padding=\u00bb110px|0px|110px|0px\u00bb next_background_color=\u00bb#fafbfc\u00bb][et_pb_row _builder_version=\u00bb3.0.91&#8243;][et_pb_column type=\u00bb4_4&#8243;][et_pb_text background_layout=\u00bbdark\u00bb _builder_version=\u00bb3.0.91&#8243; text_font=\u00bbPoppins||||||||\u00bb text_font_size=\u00bb18px\u00bb text_text_color=\u00bbrgba(255,255,255,0.8)\u00bb text_line_height=\u00bb1.8em\u00bb header_font_size=\u00bb24px\u00bb header_text_color=\u00bb#ffffff\u00bb header_3_font=\u00bbPoppins|600|||||||\u00bb header_3_font_size=\u00bb36px\u00bb header_3_line_height=\u00bb1.4em\u00bb custom_margin=\u00bb|||\u00bb]\r\n\r\n<h3>Contacto<\/h3>\r\n<p>Domain Privacy solo est\u00e1 disponible para nuestra red de socios.<br \/>\r\nPara contactar con el titular de un dominio, utilice este formulario.<\/p>\r\n\r\n[\/et_pb_text][\/et_pb_column][\/et_pb_row][\/et_pb_section][et_pb_section bb_built=\u00bb1&#8243; admin_label=\u00bbContact Info Section\u00bb background_color=\u00bb#fafbfc\u00bb _builder_version=\u00bb3.0.83&#8243; custom_padding=\u00bb50px|0px|90px|0px\u00bb prev_background_color=\u00bb#0098ff\u00bb next_background_color=\u00bb#0098ff\u00bb][et_pb_row custom_padding=\u00bb27px|0px|40px|0px\u00bb _builder_version=\u00bb3.0.91&#8243;][et_pb_column type=\u00bb4_4&#8243;][et_pb_blurb icon_color=\u00bb#ffffff\u00bb use_circle=\u00bbon\u00bb circle_color=\u00bb#1bb3eb\u00bb icon_placement=\u00bbleft\u00bb content_max_width=\u00bb100%\u00bb _builder_version=\u00bb3.0.91&#8243; header_font=\u00bbPoppins|500|||||||\u00bb header_text_color=\u00bb#486066&#8243; header_line_height=\u00bb1.4em\u00bb body_font=\u00bbOpen Sans||||||||\u00bb body_font_size=\u00bb15px\u00bb body_text_color=\u00bb#959ca5&#8243; body_line_height=\u00bb1.8em\u00bb background_color=\u00bb#ffffff\u00bb border_radii=\u00bbon|6px|6px|6px|6px\u00bb custom_margin=\u00bb|||\u00bb custom_padding=\u00bb30px|20px|30px|20px\u00bb animation_style=\u00bbfade\u00bb animation_delay=\u00bb100ms\u00bb animation=\u00bboff\u00bb box_shadow_style=\u00bbpreset1&#8243; box_shadow_vertical=\u00bb10px\u00bb box_shadow_blur=\u00bb24px\u00bb box_shadow_spread=\u00bb6px\u00bb box_shadow_color=\u00bbrgba(0,0,0,0.06)\u00bb]\r\n\r\n<p style=\"text-align: justify; color:black;\">Domain Privacy no est\u00e1 destinado a cubrir actividades il\u00edcitas o moralmente dudosas como el env\u00edo de correos no deseados, la distribuci\u00f3n de archivos maliciosos, el abuso o la violaci\u00f3n de la ley o de los derechos de autor. En caso de reclamaci\u00f3n o de utilizaci\u00f3n abusiva del servicio, Domain Privacy Trustee SA analiza manualmente la declaraci\u00f3n bas\u00e1ndose en las pruebas que se le env\u00edan y se reserva el derecho de divulgar inmediatamente la identidad del titular al demandante y a poner fin al servicio para el dominio implicado.<\/p>\r\n\r\n[\/et_pb_blurb][\/et_pb_column][\/et_pb_row][et_pb_row custom_padding=\u00bb27px|0px|36px|0px\u00bb _builder_version=\u00bb3.0.89&#8243;][et_pb_column type=\u00bb4_4&#8243;][et_pb_text _builder_version=\u00bb3.0.91&#8243;]\r\n\r\n<h3 style=\"text-align: center; font-size: 26pt; color : rgba(0, 0, 0, 0.6)\"><strong>Contactar con nosotros<\/strong><\/h3>\r\n\r\n[\/et_pb_text][et_pb_contact_form captcha=\u00bboff\u00bb email=\u00bbinfo@domainprivacytrustee.ch\u00bb module_id=\u00bbet_pb_contact_form_0&#8243; _builder_version=\u00bb3.0.91&#8243; form_field_font=\u00bbPoppins||||||||\u00bb border_radii=\u00bbon|6px|6px|6px|6px\u00bb custom_margin=\u00bb|||\u00bb custom_padding=\u00bb|||\u00bb custom_button=\u00bbon\u00bb button_text_size=\u00bb15px\u00bb button_text_color=\u00bb#ffffff\u00bb button_bg_color=\u00bb#0098ff\u00bb button_border_width=\u00bb10px\u00bb button_border_color=\u00bb#0098ff\u00bb button_border_radius=\u00bb10px\u00bb button_font=\u00bbPoppins|600||on|||||\u00bb button_icon=\u00bb%%45%%\u00bb box_shadow_style_button=\u00bbpreset3&#8243; box_shadow_color_button=\u00bbrgba(102,193,255,0.68)\u00bb box_shadow_style=\u00bbpreset1&#8243; box_shadow_vertical=\u00bb10px\u00bb box_shadow_blur=\u00bb24px\u00bb box_shadow_spread=\u00bb6px\u00bb box_shadow_color=\u00bbrgba(0,0,0,0.06)\u00bb][et_pb_contact_field field_id=\u00bbnom\u00bb field_title=\u00bbApellido, nombre\u00bb fullwidth_field=\u00bbon\u00bb field_background_color=\u00bb#fcfcfc\u00bb _builder_version=\u00bb3.0.91&#8243; form_field_font=\u00bb|500|||||||\u00bb border_radii=\u00bbon||||\u00bb][\/et_pb_contact_field][et_pb_contact_field field_id=\u00bbEmail\u00bb field_title=\u00bbCorreo electr\u00f3nico\u00bb field_type=\u00bbemail\u00bb fullwidth_field=\u00bbon\u00bb field_background_color=\u00bb#ffffff\u00bb _builder_version=\u00bb3.0.91&#8243; form_field_font=\u00bb|500|||||||\u00bb border_radii=\u00bbon||||\u00bb][\/et_pb_contact_field][et_pb_contact_field field_id=\u00bbMessage\u00bb field_title=\u00bbMensaje\u00bb field_type=\u00bbtext\u00bb fullwidth_field=\u00bbon\u00bb field_background_color=\u00bb#ffffff\u00bb _builder_version=\u00bb3.0.91&#8243; form_field_font=\u00bb|500|||||||\u00bb border_radii=\u00bbon||||\u00bb][\/et_pb_contact_field][\/et_pb_contact_form][\/et_pb_column][\/et_pb_row][et_pb_row _builder_version=\u00bb3.0.89&#8243;][et_pb_column type=\u00bb1_2&#8243;][et_pb_blurb title=\u00bbDomain Privacy Trustee SA \u00bb use_icon=\u00bbon\u00bb font_icon=\u00bb%%249%%\u00bb icon_color=\u00bb#ffffff\u00bb use_circle=\u00bbon\u00bb circle_color=\u00bb#1bb3eb\u00bb icon_placement=\u00bbleft\u00bb use_icon_font_size=\u00bbon\u00bb icon_font_size=\u00bb32px\u00bb _builder_version=\u00bb3.17.6&#8243; header_font=\u00bbPoppins|500|||||||\u00bb header_text_color=\u00bb#486066&#8243; header_line_height=\u00bb1.4em\u00bb body_font=\u00bbOpen Sans||||||||\u00bb body_font_size=\u00bb15px\u00bb body_text_color=\u00bb#959ca5&#8243; body_line_height=\u00bb1.8em\u00bb background_color=\u00bb#ffffff\u00bb border_radii=\u00bbon|6px|6px|6px|6px\u00bb custom_margin=\u00bb|||\u00bb custom_padding=\u00bb30px|20px|30px|20px\u00bb animation_style=\u00bbfade\u00bb animation_delay=\u00bb100ms\u00bb animation=\u00bboff\u00bb box_shadow_style=\u00bbpreset1&#8243; box_shadow_vertical=\u00bb10px\u00bb box_shadow_blur=\u00bb24px\u00bb box_shadow_spread=\u00bb6px\u00bb box_shadow_color=\u00bbrgba(0,0,0,0.06)\u00bb]\r\n\r\n<p>Domain Privacy Trustee SA<br>\r\nrue Eug\u00e8ne Marziano 25<br>\r\n1227 Gen\u00e8ve<\/p>\r\n\r\n[\/et_pb_blurb][\/et_pb_column][et_pb_column type=\u00bb1_2&#8243;][et_pb_blurb title=\u00bbTel\u00e9fono\u00bb use_icon=\u00bbon\u00bb font_icon=\u00bb%%264%%\u00bb icon_color=\u00bb#ffffff\u00bb use_circle=\u00bbon\u00bb circle_color=\u00bb#1bb3eb\u00bb icon_placement=\u00bbleft\u00bb use_icon_font_size=\u00bbon\u00bb icon_font_size=\u00bb32px\u00bb _builder_version=\u00bb3.0.91&#8243; header_font=\u00bbPoppins|500|||||||\u00bb header_text_color=\u00bb#486066&#8243; header_line_height=\u00bb1.4em\u00bb body_font=\u00bbOpen Sans||||||||\u00bb body_font_size=\u00bb15px\u00bb body_text_color=\u00bb#959ca5&#8243; body_line_height=\u00bb1.8em\u00bb background_color=\u00bb#ffffff\u00bb border_radii=\u00bbon|6px|6px|6px|6px\u00bb custom_margin=\u00bb|||\u00bb custom_padding=\u00bb30px|20px|30px|20px\u00bb animation_style=\u00bbfade\u00bb animation_delay=\u00bb100ms\u00bb animation=\u00bboff\u00bb box_shadow_style=\u00bbpreset1&#8243; box_shadow_vertical=\u00bb10px\u00bb box_shadow_blur=\u00bb24px\u00bb box_shadow_spread=\u00bb6px\u00bb box_shadow_color=\u00bbrgba(0,0,0,0.06)\u00bb]\r\n\r\n<p>+41 22 593 50 07<br> contact@domainprivacytrustee.ch<\/p>\r\n\r\n[\/et_pb_blurb][\/et_pb_column][\/et_pb_row][\/et_pb_section][et_pb_section bb_built=\u00bb1&#8243; admin_label=\u00bbJoin Now Call to Action\u00bb background_color=\u00bb#0098ff\u00bb _builder_version=\u00bb3.0.91&#8243; background_color_gradient_direction=\u00bb221deg\u00bb custom_margin=\u00bb|||\u00bb custom_padding=\u00bb110px|0px|110px|0px\u00bb prev_background_color=\u00bb#fafbfc\u00bb][et_pb_row _builder_version=\u00bb3.0.89&#8243;][et_pb_column type=\u00bb4_4&#8243;][et_pb_text background_layout=\u00bbdark\u00bb _builder_version=\u00bb3.0.91&#8243; text_font=\u00bbPoppins||||||||\u00bb text_font_size=\u00bb18px\u00bb text_text_color=\u00bbrgba(255,255,255,0.8)\u00bb text_line_height=\u00bb1.8em\u00bb header_font_size=\u00bb24px\u00bb header_text_color=\u00bb#ffffff\u00bb header_3_font=\u00bbPoppins|600|||||||\u00bb header_3_font_size=\u00bb36px\u00bb header_3_line_height=\u00bb1.4em\u00bb custom_margin=\u00bb|||\u00bb]\r\n\r\n<h3>Cl\u00e1usula de no responsabilidad<\/h3>\r\n<p>Domain Privacy Trustee SA no posee ning\u00fan derecho de propiedad sobre los dominios, y el cliente es el \u00fanico propietario leg\u00edtimo con sus derechos y obligaciones usuales. El uso abusivo o ilegal del servicio puede indicarse en la direcci\u00f3n siguiente: https:\/\/contact.domainprivacytrustee.ch<\/p>\r\n\r\n[\/et_pb_text][\/et_pb_column][\/et_pb_row][\/et_pb_section]","protected":false},"excerpt":{"rendered":"<p>Contacto Domain Privacy solo est\u00e1 disponible para nuestra red de socios. Para contactar con el titular de un dominio, utilice este formulario. Domain Privacy no est\u00e1 destinado a cubrir actividades il\u00edcitas o moralmente dudosas como el env\u00edo de correos no deseados, la distribuci\u00f3n de archivos maliciosos, el abuso o la violaci\u00f3n de la ley o [&hellip;]<\/p>\n","protected":false},"author":1,"featured_media":0,"parent":0,"menu_order":0,"comment_status":"closed","ping_status":"closed","template":"","meta":{"_et_pb_use_builder":"on","_et_pb_old_content":"","_et_gb_content_width":""},"_links":{"self":[{"href":"https:\/\/domainprivacytrustee.ch\/es\/wp-json\/wp\/v2\/pages\/50589"}],"collection":[{"href":"https:\/\/domainprivacytrustee.ch\/es\/wp-json\/wp\/v2\/pages"}],"about":[{"href":"https:\/\/domainprivacytrustee.ch\/es\/wp-json\/wp\/v2\/types\/page"}],"author":[{"embeddable":true,"href":"https:\/\/domainprivacytrustee.ch\/es\/wp-json\/wp\/v2\/users\/1"}],"replies":[{"embeddable":true,"href":"https:\/\/domainprivacytrustee.ch\/es\/wp-json\/wp\/v2\/comments?post=50589"}],"version-history":[{"count":75,"href":"https:\/\/domainprivacytrustee.ch\/es\/wp-json\/wp\/v2\/pages\/50589\/revisions"}],"predecessor-version":[{"id":50980,"href":"https:\/\/domainprivacytrustee.ch\/es\/wp-json\/wp\/v2\/pages\/50589\/revisions\/50980"}],"wp:attachment":[{"href":"https:\/\/domainprivacytrustee.ch\/es\/wp-json\/wp\/v2\/media?parent=50589"}],"curies":[{"name":"wp","href":"https:\/\/api.w.org\/{rel}","templated":true}]}}