{"id":50614,"date":"2017-12-08T15:32:38","date_gmt":"2017-12-08T14:32:38","guid":{"rendered":"http:\/\/domainprivacytrustee.ch\/?page_id=50614"},"modified":"2019-03-07T10:48:33","modified_gmt":"2019-03-07T09:48:33","slug":"home","status":"publish","type":"page","link":"https:\/\/domainprivacytrustee.ch\/es\/","title":{"rendered":"Home"},"content":{"rendered":"<p>[et_pb_section bb_built=\u00bb1&#8243; admin_label=\u00bbHero Section\u00bb background_color=\u00bb#0098ff\u00bb _builder_version=\u00bb3.0.91&#8243; background_color_gradient_direction=\u00bb72deg\u00bb custom_padding=\u00bb130px|0px|100px|0px\u00bb next_background_color=\u00bb#fafbfc\u00bb][et_pb_row custom_padding=\u00bb0px|0px|0px|0px\u00bb padding_top_1=\u00bb60px\u00bb _builder_version=\u00bb3.0.89&#8243; background_size=\u00bbinitial\u00bb background_position=\u00bbtop_left\u00bb background_repeat=\u00bbrepeat\u00bb][et_pb_column type=\u00bb1_2&#8243;][et_pb_image src=\u00bbhttps:\/\/domainprivacytrustee.ch\/wp-content\/uploads\/2017\/12\/Logo_white@2x.png\u00bb _builder_version=\u00bb3.0.91&#8243; \/][\/et_pb_column][et_pb_column type=\u00bb1_2&#8243;][et_pb_text _builder_version=\u00bb3.0.91&#8243; text_font=\u00bbPoppins||||||||\u00bb text_font_size=\u00bb18px\u00bb text_text_color=\u00bbrgba(255,255,255,0.8)\u00bb text_line_height=\u00bb1.8em\u00bb animation_style=\u00bbfade\u00bb animation_delay=\u00bb100ms\u00bb background_layout=\u00bblight\u00bb]<\/p>\n<p style=\"font-size: 16pt;\"><strong>Protecci\u00f3n de la confidencialidad de las informaciones registradas p\u00fablicamente<\/strong><\/p>\n<p>Gracias a su red de socios, Domain Privacy Trustee SA (DPT) proporciona una soluci\u00f3n de protecci\u00f3n que protege eficazmente a los propietarios de dominios contra los correos electr\u00f3nicos y postales no deseados, as\u00ed como contra el uso abusivo de datos personales.<\/p>\n<p>[\/et_pb_text][\/et_pb_column][\/et_pb_row][\/et_pb_section][et_pb_section bb_built=\u00bb1&#8243; admin_label=\u00bbBecome a Member Section\u00bb background_color=\u00bb#fafbfc\u00bb _builder_version=\u00bb3.0.83&#8243; custom_padding=\u00bb90px|0px|150px|0px\u00bb prev_background_color=\u00bb#0098ff\u00bb next_background_color=\u00bb#0098ff\u00bb][et_pb_row custom_padding=\u00bb|||\u00bb _builder_version=\u00bb3.0.91&#8243; locked=\u00bboff\u00bb][et_pb_column type=\u00bb1_4&#8243;][\/et_pb_column][et_pb_column type=\u00bb1_2&#8243;][et_pb_text _builder_version=\u00bb3.0.91&#8243; custom_css_before=\u00bbmargin-top: 300px;\u00bb background_layout=\u00bblight\u00bb]<\/p>\n<h3 style=\"text-align: center; font-size: 26pt; color: rgba(0, 0, 0, 0.6);\"><strong>Estar\u00e1 protegido contra<\/strong><\/h3>\n<p>&nbsp;<\/p>\n<p>&nbsp;<\/p>\n<p>[\/et_pb_text][\/et_pb_column][et_pb_column type=\u00bb1_4&#8243;][\/et_pb_column][\/et_pb_row][et_pb_row use_custom_gutter=\u00bbon\u00bb gutter_width=\u00bb2&#8243; custom_padding=\u00bb|||\u00bb custom_padding_tablet=\u00bb49px|||\u00bb custom_padding_phone=\u00bb19px|||\u00bb column_padding_mobile=\u00bbon\u00bb parallax_method_1=\u00bboff\u00bb parallax_method_2=\u00bboff\u00bb parallax_method_3=\u00bboff\u00bb custom_padding_last_edited=\u00bbon|phone\u00bb _builder_version=\u00bb3.0.89&#8243; background_size=\u00bbinitial\u00bb background_position=\u00bbtop_left\u00bb background_repeat=\u00bbrepeat\u00bb][et_pb_column type=\u00bb1_3&#8243;][et_pb_blurb admin_label=\u00bbClass\u00bb title=\u00bbEl acoso\u00bb use_icon=\u00bbon\u00bb font_icon=\u00bb%%87%%\u00bb icon_color=\u00bb#29a7f5&#8243; _builder_version=\u00bb3.0.91&#8243; header_font=\u00bbPoppins|600|||||||\u00bb header_text_align=\u00bbcenter\u00bb header_text_color=\u00bb#486066&#8243; header_line_height=\u00bb1.3em\u00bb body_font=\u00bbOpen Sans||||||||\u00bb body_text_align=\u00bbcenter\u00bb body_text_color=\u00bb#486066&#8243; body_line_height=\u00bb1.8em\u00bb background_color=\u00bb#ffffff\u00bb border_radii=\u00bbon|6px|6px|6px|6px\u00bb custom_margin=\u00bb|||\u00bb custom_padding=\u00bb40px|30px|40px|30px\u00bb animation_style=\u00bbfade\u00bb animation=\u00bboff\u00bb box_shadow_style=\u00bbpreset1&#8243; box_shadow_vertical=\u00bb10px\u00bb box_shadow_blur=\u00bb24px\u00bb box_shadow_spread=\u00bb6px\u00bb box_shadow_color=\u00bbrgba(0,0,0,0.06)\u00bb url_new_window=\u00bboff\u00bb use_circle=\u00bboff\u00bb use_circle_border=\u00bboff\u00bb icon_placement=\u00bbtop\u00bb use_icon_font_size=\u00bboff\u00bb background_layout=\u00bblight\u00bb \/][\/et_pb_column][et_pb_column type=\u00bb1_3&#8243;][et_pb_blurb admin_label=\u00bbClass\u00bb title=\u00bbEl spam\u00bb use_icon=\u00bbon\u00bb font_icon=\u00bb%%109%%\u00bb icon_color=\u00bb#29a7f5&#8243; _builder_version=\u00bb3.0.91&#8243; header_font=\u00bbPoppins|600|||||||\u00bb header_text_align=\u00bbcenter\u00bb header_text_color=\u00bb#486066&#8243; header_line_height=\u00bb1.3em\u00bb body_font=\u00bbOpen Sans||||||||\u00bb body_text_align=\u00bbcenter\u00bb body_text_color=\u00bb#486066&#8243; body_line_height=\u00bb1.8em\u00bb background_color=\u00bb#ffffff\u00bb border_radii=\u00bbon|6px|6px|6px|6px\u00bb custom_margin=\u00bb|||\u00bb custom_padding=\u00bb40px|30px|40px|30px\u00bb animation_style=\u00bbfade\u00bb animation_delay=\u00bb100ms\u00bb animation=\u00bboff\u00bb box_shadow_style=\u00bbpreset1&#8243; box_shadow_vertical=\u00bb10px\u00bb box_shadow_blur=\u00bb24px\u00bb box_shadow_spread=\u00bb6px\u00bb box_shadow_color=\u00bbrgba(0,0,0,0.06)\u00bb url_new_window=\u00bboff\u00bb use_circle=\u00bboff\u00bb use_circle_border=\u00bboff\u00bb icon_placement=\u00bbtop\u00bb use_icon_font_size=\u00bboff\u00bb background_layout=\u00bblight\u00bb \/][\/et_pb_column][et_pb_column type=\u00bb1_3&#8243;][et_pb_blurb admin_label=\u00bbClass\u00bb title=\u00bbEl uso abusivo de los datos\u00bb use_icon=\u00bbon\u00bb font_icon=\u00bb%%162%%\u00bb icon_color=\u00bb#29a7f5&#8243; _builder_version=\u00bb3.0.91&#8243; header_font=\u00bbPoppins|600|||||||\u00bb header_text_align=\u00bbcenter\u00bb header_text_color=\u00bb#486066&#8243; header_line_height=\u00bb1.3em\u00bb body_font=\u00bbOpen Sans||||||||\u00bb body_text_align=\u00bbcenter\u00bb body_text_color=\u00bb#486066&#8243; body_line_height=\u00bb1.8em\u00bb background_color=\u00bb#ffffff\u00bb border_radii=\u00bbon|6px|6px|6px|6px\u00bb custom_margin=\u00bb|||\u00bb custom_padding=\u00bb40px|30px|40px|30px\u00bb animation_style=\u00bbfade\u00bb animation_delay=\u00bb200ms\u00bb animation=\u00bboff\u00bb box_shadow_style=\u00bbpreset1&#8243; box_shadow_vertical=\u00bb10px\u00bb box_shadow_blur=\u00bb24px\u00bb box_shadow_spread=\u00bb6px\u00bb box_shadow_color=\u00bbrgba(0,0,0,0.06)\u00bb url_new_window=\u00bboff\u00bb use_circle=\u00bboff\u00bb use_circle_border=\u00bboff\u00bb icon_placement=\u00bbtop\u00bb use_icon_font_size=\u00bboff\u00bb background_layout=\u00bblight\u00bb \/][\/et_pb_column][\/et_pb_row][\/et_pb_section][et_pb_section bb_built=\u00bb1&#8243; admin_label=\u00bbHero Section\u00bb background_color=\u00bb#0098ff\u00bb _builder_version=\u00bb3.0.91&#8243; background_color_gradient_direction=\u00bb72deg\u00bb custom_padding=\u00bb70px|0px|49px|0px\u00bb prev_background_color=\u00bb#fafbfc\u00bb next_background_color=\u00bb#ffffff\u00bb][et_pb_row custom_padding=\u00bb0px|0px|27px|0px\u00bb padding_top_1=\u00bb60px\u00bb _builder_version=\u00bb3.0.89&#8243; background_size=\u00bbinitial\u00bb background_position=\u00bbtop_left\u00bb background_repeat=\u00bbrepeat\u00bb][et_pb_column type=\u00bb4_4&#8243;][et_pb_text _builder_version=\u00bb3.0.91&#8243; text_font=\u00bbPoppins||||||||\u00bb text_font_size=\u00bb18px\u00bb text_text_color=\u00bbrgba(255,255,255,0.8)\u00bb text_line_height=\u00bb1.8em\u00bb animation_style=\u00bbfade\u00bb animation_delay=\u00bb100ms\u00bb background_layout=\u00bblight\u00bb]<\/p>\n<h3 style=\"text-align: center; color: white; font-size: 20pt;\"><strong>Garantizar la confidencialidad de los datos personales<\/strong><\/h3>\n<p style=\"text-align: center; font-size: 15pt;\">La misi\u00f3n de Domain Privacy es garantizar la confidencialidad de las informaciones personales de los titulares de nombres de dominios. Domain Privacy Trustee SA no posee ning\u00fan derecho de propiedad sobre los dominios, y el cliente es el \u00fanico propietario leg\u00edtimo con sus derechos y obligaciones usuales.<\/p>\n<p>[\/et_pb_text][\/et_pb_column][\/et_pb_row][\/et_pb_section][et_pb_section bb_built=\u00bb1&#8243; _builder_version=\u00bb3.0.91&#8243; custom_padding=\u00bb110px|0px|90px|0px\u00bb prev_background_color=\u00bb#0098ff\u00bb][et_pb_row custom_padding=\u00bb27px|0px|0px|0px\u00bb _builder_version=\u00bb3.0.91&#8243;][et_pb_column type=\u00bb1_2&#8243;][et_pb_text _builder_version=\u00bb3.0.91&#8243; background_layout=\u00bblight\u00bb]<\/p>\n<h3 style=\"text-align: center;\">Datos p\u00fablicos<\/h3>\n<p style=\"text-align: center;\"><strong>sin Domain Privacy:<\/strong><\/p>\n<p>[\/et_pb_text][et_pb_image src=\u00bbhttps:\/\/domainprivacytrustee.ch\/wp-content\/uploads\/2018\/02\/ESPAGNOL-illu-sans-domain-privacy.png\u00bb _builder_version=\u00bb3.0.91&#8243; show_in_lightbox=\u00bboff\u00bb url_new_window=\u00bboff\u00bb use_overlay=\u00bboff\u00bb always_center_on_mobile=\u00bbon\u00bb force_fullwidth=\u00bboff\u00bb show_bottom_space=\u00bbon\u00bb \/][et_pb_text _builder_version=\u00bb3.0.91&#8243; max_width=\u00bb70%\u00bb module_alignment=\u00bbcenter\u00bb background_layout=\u00bblight\u00bb]<\/p>\n<p style=\"text-align: justify;\">Sin Domain Privacy, el nombre, la direcci\u00f3n electr\u00f3nica, el tel\u00e9fono y la direcci\u00f3n postal de los titulares se pueden ver p\u00fablicamente mediante una consulta WHOIS. As\u00ed pues, estos datos personales pueden ser explotados por personas malintencionadas o empresas de marketing.<\/p>\n<p>[\/et_pb_text][\/et_pb_column][et_pb_column type=\u00bb1_2&#8243;][et_pb_text _builder_version=\u00bb3.0.91&#8243; background_layout=\u00bblight\u00bb]<\/p>\n<h3 style=\"text-align: center;\">Datos p\u00fablicos<\/h3>\n<p style=\"text-align: center;\"><strong>con Domain Privacy:<\/strong><\/p>\n<p>[\/et_pb_text][et_pb_image src=\u00bbhttps:\/\/domainprivacytrustee.ch\/wp-content\/uploads\/2019\/03\/ESPAGNOL-illu-avec-domain-privacy.png\u00bb _builder_version=\u00bb3.17.6&#8243; \/][et_pb_text _builder_version=\u00bb3.0.91&#8243; max_width=\u00bb70%\u00bb module_alignment=\u00bbcenter\u00bb background_layout=\u00bblight\u00bb]<\/p>\n<p style=\"text-align: justify;\">Con Domain Privacy, la informaci\u00f3n personal de los titulares de dominios es sustituida por los datos de Domain Privacy Trustee SA. Es posible contactar con ellos gracias a un formulario de contacto protegido contra el SPAM y los robots, y que protege la identidad del propietario.<\/p>\n<p>[\/et_pb_text][\/et_pb_column][\/et_pb_row][et_pb_row custom_padding=\u00bb120px|0px|27px|0px\u00bb _builder_version=\u00bb3.0.91&#8243;][et_pb_column type=\u00bb4_4&#8243;][et_pb_button button_url=\u00bb\/contact\/\u00bb button_text=\u00bbSe\u00f1alar un abuso\u00bb button_alignment=\u00bbcenter\u00bb _builder_version=\u00bb3.0.91&#8243; custom_padding=\u00bb10px|100px|10px|100px\u00bb custom_button=\u00bbon\u00bb button_text_color=\u00bb#ffffff\u00bb button_bg_color=\u00bb#0098ff\u00bb url_new_window=\u00bboff\u00bb background_layout=\u00bblight\u00bb button_icon_placement=\u00bbright\u00bb button_text_size__hover_enabled=\u00bboff\u00bb button_text_size__hover=\u00bbnull\u00bb button_one_text_size__hover_enabled=\u00bboff\u00bb button_one_text_size__hover=\u00bbnull\u00bb button_two_text_size__hover_enabled=\u00bboff\u00bb button_two_text_size__hover=\u00bbnull\u00bb button_text_color__hover_enabled=\u00bboff\u00bb button_text_color__hover=\u00bbnull\u00bb button_one_text_color__hover_enabled=\u00bboff\u00bb button_one_text_color__hover=\u00bbnull\u00bb button_two_text_color__hover_enabled=\u00bboff\u00bb button_two_text_color__hover=\u00bbnull\u00bb button_border_width__hover_enabled=\u00bboff\u00bb button_border_width__hover=\u00bbnull\u00bb button_one_border_width__hover_enabled=\u00bboff\u00bb button_one_border_width__hover=\u00bbnull\u00bb button_two_border_width__hover_enabled=\u00bboff\u00bb button_two_border_width__hover=\u00bbnull\u00bb button_border_color__hover_enabled=\u00bboff\u00bb button_border_color__hover=\u00bbnull\u00bb button_one_border_color__hover_enabled=\u00bboff\u00bb button_one_border_color__hover=\u00bbnull\u00bb button_two_border_color__hover_enabled=\u00bboff\u00bb button_two_border_color__hover=\u00bbnull\u00bb button_border_radius__hover_enabled=\u00bboff\u00bb button_border_radius__hover=\u00bbnull\u00bb button_one_border_radius__hover_enabled=\u00bboff\u00bb button_one_border_radius__hover=\u00bbnull\u00bb button_two_border_radius__hover_enabled=\u00bboff\u00bb button_two_border_radius__hover=\u00bbnull\u00bb button_letter_spacing__hover_enabled=\u00bboff\u00bb button_letter_spacing__hover=\u00bbnull\u00bb button_one_letter_spacing__hover_enabled=\u00bboff\u00bb button_one_letter_spacing__hover=\u00bbnull\u00bb button_two_letter_spacing__hover_enabled=\u00bboff\u00bb button_two_letter_spacing__hover=\u00bbnull\u00bb button_bg_color__hover_enabled=\u00bboff\u00bb button_bg_color__hover=\u00bbnull\u00bb button_one_bg_color__hover_enabled=\u00bboff\u00bb button_one_bg_color__hover=\u00bbnull\u00bb button_two_bg_color__hover_enabled=\u00bboff\u00bb button_two_bg_color__hover=\u00bbnull\u00bb \/][\/et_pb_column][\/et_pb_row][\/et_pb_section]<\/p>","protected":false},"excerpt":{"rendered":"<p>Protecci\u00f3n de la confidencialidad de las informaciones registradas p\u00fablicamente Gracias a su red de socios, Domain Privacy Trustee SA (DPT) proporciona una soluci\u00f3n de protecci\u00f3n que protege eficazmente a los propietarios de dominios contra los correos electr\u00f3nicos y postales no deseados, as\u00ed como contra el uso abusivo de datos personales. Estar\u00e1 protegido contra &nbsp; &nbsp; [&hellip;]<\/p>\n","protected":false},"author":1,"featured_media":0,"parent":0,"menu_order":0,"comment_status":"closed","ping_status":"closed","template":"","meta":{"_et_pb_use_builder":"on","_et_pb_old_content":"","_et_gb_content_width":""},"_links":{"self":[{"href":"https:\/\/domainprivacytrustee.ch\/es\/wp-json\/wp\/v2\/pages\/50614"}],"collection":[{"href":"https:\/\/domainprivacytrustee.ch\/es\/wp-json\/wp\/v2\/pages"}],"about":[{"href":"https:\/\/domainprivacytrustee.ch\/es\/wp-json\/wp\/v2\/types\/page"}],"author":[{"embeddable":true,"href":"https:\/\/domainprivacytrustee.ch\/es\/wp-json\/wp\/v2\/users\/1"}],"replies":[{"embeddable":true,"href":"https:\/\/domainprivacytrustee.ch\/es\/wp-json\/wp\/v2\/comments?post=50614"}],"version-history":[{"count":95,"href":"https:\/\/domainprivacytrustee.ch\/es\/wp-json\/wp\/v2\/pages\/50614\/revisions"}],"predecessor-version":[{"id":50963,"href":"https:\/\/domainprivacytrustee.ch\/es\/wp-json\/wp\/v2\/pages\/50614\/revisions\/50963"}],"wp:attachment":[{"href":"https:\/\/domainprivacytrustee.ch\/es\/wp-json\/wp\/v2\/media?parent=50614"}],"curies":[{"name":"wp","href":"https:\/\/api.w.org\/{rel}","templated":true}]}}