{"id":50777,"date":"2017-12-12T15:16:51","date_gmt":"2017-12-12T14:16:51","guid":{"rendered":"http:\/\/domainprivacytrustee.ch\/?page_id=50777"},"modified":"2018-11-29T09:12:30","modified_gmt":"2018-11-29T08:12:30","slug":"cg","status":"publish","type":"page","link":"https:\/\/domainprivacytrustee.ch\/es\/cg\/","title":{"rendered":"CG"},"content":{"rendered":"<p>[et_pb_section bb_built=\u00bb1&#8243; _builder_version=\u00bb3.0.47&#8243;][et_pb_row _builder_version=\u00bb3.0.47&#8243; background_size=\u00bbinitial\u00bb background_position=\u00bbtop_left\u00bb background_repeat=\u00bbrepeat\u00bb][et_pb_column type=\u00bb4_4&#8243;][et_pb_text _builder_version=\u00bb3.0.91&#8243; background_layout=\u00bblight\u00bb]<\/p>\n<h3 style=\"text-align: center; font-size: 26pt; color: rgba(0, 0, 0, 0.6);\"><strong>CONDICIONES GENERALES DE SERVICIO Y DE UTILIZACI\u00d3N DEL SERVICIO DOMAIN PRIVACY<\/strong><\/h3>\n<p>[\/et_pb_text][et_pb_text _builder_version=\u00bb3.12.2&#8243;]<\/p>\n<p>1. Las presentes Condiciones Generales (en adelante denominadas \u2018\u2019CGU\u2019\u2019) tienen como objeto establecer las condiciones de disponibilidad y utilizaci\u00f3n del servicio Domain Privacy propuesto por Domain Privacy Trustee SA (en adelante denominado \u2018\u2019proveedor de servicio\u2019\u2019). Se aplican a toda persona f\u00edsica o moral, de derecho privado o de derecho p\u00fablico (en adelante denominada\u00a0\u2018\u2019Cliente\u2019\u2019), que tenga una cuenta Cliente con un proveedor de servicio de registro (en adelante denominada \u00abregistrador\u00bb) que coopere con Domain Privacy Trustee SA y para el cual el Cliente haya activado el servicio Domain Privacy para uno de sus nombres de dominio.<\/p>\n<p>2. El Cliente reconoce haber le\u00eddo las CGU antes de realizar el pedido. Al suscribirse a Domain Privacy, el Cliente acepta y comprende t\u00e1citamente las presentes CGU.<\/p>\n<p>3. La versi\u00f3n francesa de este documento da fe en caso de litigio o conflicto.<\/p>\n<p>4. El proveedor de servicio se reserva el derecho de actualizar y modificar las CGU en cualquier momento.<\/p>\n<p>5. Domain Privacy (en adelante denominado \u00abservicio\u00bb) es un servicio opcional y complementario para los registros individuales de nombres de dominios y para los nombres de dominios existentes registrados con registradores que cooperan con el proveedor de servicio.<\/p>\n<p>6. Este servicio no est\u00e1 destinado a amparar actividades il\u00edcitas o cuestionables, sino exclusivamente a proteger los datos personales del directorio WHOIS de usos abusivos. Domain Privacy Trustee SA analiza manualmente las solicitudes de identificaci\u00f3n de los datos WHOIS que recibe y se reserva el derecho de divulgar inmediatamente la identidad del titular a los posibles demandantes. El Cliente puede activar este servicio en cualquier nombre de dominio (algunos TLD pueden ser excluidos del servicio debido a la pol\u00edtica de registro) que controle o adquiera. El Cliente puede optar en cualquier momento por desactivar el servicio para sustituir los datos WHOIS por sus datos personales.<\/p>\n<p>7. El Cliente puede optar en cualquier momento por desactivar el servicio para sustituir los datos WHOIS por sus datos personales.<\/p>\n<p>8. El Cliente es el propietario legal del nombre de dominio y conserva sus derechos y obligaciones.<\/p>\n<p>9. El Cliente se compromete a respetar las condiciones generales de los registradores que cooperan con el proveedor de servicio. Sobre todo, procurar\u00e1 proporcionar y mantener informaciones de registro exactas y actualizadas para el propietario del nombre de dominio, el administrador, la facturaci\u00f3n y los contactos t\u00e9cnicos. El nombre, la direcci\u00f3n postal, la direcci\u00f3n electr\u00f3nica, los n\u00fameros de tel\u00e9fono y el fax de estos contactos deben estar validados y actualizados.<\/p>\n<p>10. El Cliente garantiza la exactitud de sus datos de contacto y acepta que el registrador conserve en una base de datos todas las informaciones de registro y que estas se depositen en el proveedor de servicio.<\/p>\n<p>11. En caso de utilizaci\u00f3n de informaci\u00f3n inexacta, falsa u obsoleta, el proveedor de servicio tiene derecho a adoptar las medidas necesarias para evitar cualquier responsabilidad jur\u00eddica o financiera, lo que incluye, pero no es limitativo, la eliminaci\u00f3n del nombre de dominio o la desactivaci\u00f3n del servicio.<\/p>\n<p>12. El Cliente conserva la responsabilidad completa del registro y de la utilizaci\u00f3n del nombre de dominio y se compromete a liberar, defender, indemnizar y excluir de toda responsabilidad al proveedor de servicios y a sus empresas matrices, filiales, empresas filiales, accionistas, agentes, administradores, dirigentes y empleados as\u00ed como el registrador, a la vista de todas las reclamaciones, solicitudes, responsabilidades, p\u00e9rdidas, da\u00f1os o costes, incluidos los honorarios razonables de abogado derivados o relacionados de cualquier forma.<\/p>\n<p>13. Para cada nombre de dominio incluido en el servicio, en el lugar de los datos del Cliente en la informaci\u00f3n WHOIS, aparecer\u00e1n los datos siguientes:<\/p>\n<pre>Domain Privacy Trustee SA\r\nCase postale 1314\r\n1211 Gen\u00e8ve 26\r\n+41 22 593 50 07\r\nprivacy@domainprivatytrustee.ch<\/pre>\n<p>14. Domain Privacy no es un servicio de correo postal, y, por consiguiente, el Cliente acuerda no utilizar los datos de contacto del proveedor de servicio para comunicaciones a terceros.<\/p>\n<p>15. Todo correo enviado a la direcci\u00f3n electr\u00f3nica que figura en el directorio WHOIS se perder\u00e1. Sin embargo, el remitente recibir\u00e1 un correo autom\u00e1tico de vuelta con las instrucciones que le permitir\u00e1n enviar un mensaje al titular del nombre de dominio.<\/p>\n<p>16. Las comunicaciones enviadas a la direcci\u00f3n postal del proveedor de servicio no se transmitir\u00e1n necesariamente al Cliente, y este acuerda que el proveedor de servicios puede examinar, devolver, destruir y\/o rechazar cualquier comunicaci\u00f3n dirigida al titular del nombre de dominio.<\/p>\n<p>17. El Cliente se compromete a renunciar a cualquier reclamaci\u00f3n derivada de un fallo en la recepci\u00f3n de las comunicaciones dirigidas al titular del nombre de dominio.<\/p>\n<p>18. El Cliente acepta que el proveedor de servicios puede en cualquier momento, por su propia voluntad, suspender y desactivar el servicio sin comprometer su responsabilidad hacia el Cliente y, por consiguiente, revelar al declarante y transmitir su informaci\u00f3n al directorio WHOIS por el motivo que sea.<\/p>\n<p>Estas razones son ante todo, pero no exclusivamente, las siguientes:<\/p>\n<ul>\n<li>Falta de pago del servicio.<\/li>\n<li>Violaci\u00f3n de las CGU o del acuerdo de registro concluido con el registrador<\/li>\n<li>Solicitud de un registrador, decreto del tribunal de un organismo de aplicaci\u00f3n de la ley<\/li>\n<li>Recepci\u00f3n de una reclamaci\u00f3n legal concerniente a la utilizaci\u00f3n del registro de un nombre de dominio<\/li>\n<li>La utilizaci\u00f3n de un dominio con fines comerciales<\/li>\n<li>La eliminaci\u00f3n de un nombre de dominio<\/li>\n<\/ul>\n<p>19. La suspensi\u00f3n o el cese del servicio conlleva la divulgaci\u00f3n inmediata de la informaci\u00f3n sobre los inscritos en el WHOIS, as\u00ed como a los terceros solicitantes.<\/p>\n<p>20. El proveedor de servicio no es responsable de los retrasos e interrupciones del servicio debidos a un caso de fuerza mayor. En todos los dem\u00e1s casos, la responsabilidad se limita al importa anual facturado para este servicio al Cliente.<\/p>\n<p>21. Los gastos de servicio son facturados por el intermediario del registrador. Las tarifas vigentes se publican sin compromiso en el sitio web del registrador y pueden modificarse en cualquier momento.<\/p>\n<p>22. Para la renovaci\u00f3n del servicio, la tarifa depende del precio vigente en el momento de la renovaci\u00f3n. Al final de un per\u00edodo de empleo, el servicio se renueva autom\u00e1ticamente por otro per\u00edodo de empleo, a menos que el Cliente lo rescinda desde la consola de administraci\u00f3n del registrador.<\/p>\n<p>23. En caso de rescisi\u00f3n, suspensi\u00f3n del servicio o transferencia del nombre de dominio, no se puede efectuar ning\u00fan reembolso parcial de los gastos de servicio por el per\u00edodo restante.<\/p>\n<p>24. El proveedor de servicio y el registrador se reservan el derecho a rechazar cualquier solicitud de transferencia o de c\u00f3digo de autorizaci\u00f3n para un nombre de dominio realizada por el Cliente mientras el servicio est\u00e9 activado.<\/p>\n<p>25. Si alguna de las disposiciones CGU debiese ser inaplicable y\/o inv\u00e1lida, esta inaplicabilidad y\/o invalidez no convertir\u00eda en inaplicables o inv\u00e1lidas en su conjunto estas condiciones generales. Toda disposici\u00f3n que se considere inaplicable o inv\u00e1lida ser\u00e1 sustituida por disposiciones v\u00e1lidas y ejecutorias que se acerquen lo m\u00e1s posible a los objetivos e intenciones iniciales de las disposiciones en el sentido econ\u00f3mico y jur\u00eddico que hubieran sido acordadas por las partes si hubiesen tenido conocimiento de la nulidad en el momento de la aceptaci\u00f3n de las presentes condiciones generales.<\/p>\n<p>26. El Cliente se compromete a respetar las leyes suizas e internacionales vigentes mientras dure el contrato. Adem\u00e1s, el proveedor de servicios se esforzar\u00e1 en respetar los juicios de las autoridades de los pa\u00edses miembros de la OCDE.<\/p>\n<p>27. Todo litigio relacionado con estas CGU y el presente contrato, su conclusi\u00f3n, su ejecuci\u00f3n o su rescisi\u00f3n estar\u00e1 sujeto al derecho suizo, el fuero exclusivo se encuentra en Ginebra con reserva de un recurso al Tribunal Federal de Lausana.<\/p>\n<p>[\/et_pb_text][\/et_pb_column][\/et_pb_row][\/et_pb_section]<\/p>","protected":false},"excerpt":{"rendered":"<p>CONDICIONES GENERALES DE SERVICIO Y DE UTILIZACI\u00d3N DEL SERVICIO DOMAIN PRIVACY 1. Las presentes Condiciones Generales (en adelante denominadas \u2018\u2019CGU\u2019\u2019) tienen como objeto establecer las condiciones de disponibilidad y utilizaci\u00f3n del servicio Domain Privacy propuesto por Domain Privacy Trustee SA (en adelante denominado \u2018\u2019proveedor de servicio\u2019\u2019). Se aplican a toda persona f\u00edsica o moral, de [&hellip;]<\/p>\n","protected":false},"author":1,"featured_media":0,"parent":0,"menu_order":0,"comment_status":"closed","ping_status":"closed","template":"","meta":{"_et_pb_use_builder":"on","_et_pb_old_content":"","_et_gb_content_width":""},"_links":{"self":[{"href":"https:\/\/domainprivacytrustee.ch\/es\/wp-json\/wp\/v2\/pages\/50777"}],"collection":[{"href":"https:\/\/domainprivacytrustee.ch\/es\/wp-json\/wp\/v2\/pages"}],"about":[{"href":"https:\/\/domainprivacytrustee.ch\/es\/wp-json\/wp\/v2\/types\/page"}],"author":[{"embeddable":true,"href":"https:\/\/domainprivacytrustee.ch\/es\/wp-json\/wp\/v2\/users\/1"}],"replies":[{"embeddable":true,"href":"https:\/\/domainprivacytrustee.ch\/es\/wp-json\/wp\/v2\/comments?post=50777"}],"version-history":[{"count":45,"href":"https:\/\/domainprivacytrustee.ch\/es\/wp-json\/wp\/v2\/pages\/50777\/revisions"}],"predecessor-version":[{"id":50951,"href":"https:\/\/domainprivacytrustee.ch\/es\/wp-json\/wp\/v2\/pages\/50777\/revisions\/50951"}],"wp:attachment":[{"href":"https:\/\/domainprivacytrustee.ch\/es\/wp-json\/wp\/v2\/media?parent=50777"}],"curies":[{"name":"wp","href":"https:\/\/api.w.org\/{rel}","templated":true}]}}