{"id":50777,"date":"2017-12-12T15:16:51","date_gmt":"2017-12-12T14:16:51","guid":{"rendered":"http:\/\/domainprivacytrustee.ch\/?page_id=50777"},"modified":"2018-11-29T09:12:30","modified_gmt":"2018-11-29T08:12:30","slug":"cg","status":"publish","type":"page","link":"https:\/\/domainprivacytrustee.ch\/it\/cg\/","title":{"rendered":"CG"},"content":{"rendered":"<p>[et_pb_section bb_built=&#8221;1&#8243; _builder_version=&#8221;3.0.47&#8243;][et_pb_row _builder_version=&#8221;3.0.47&#8243; background_size=&#8221;initial&#8221; background_position=&#8221;top_left&#8221; background_repeat=&#8221;repeat&#8221;][et_pb_column type=&#8221;4_4&#8243;][et_pb_text _builder_version=&#8221;3.0.91&#8243; background_layout=&#8221;light&#8221;]<\/p>\n<h3 style=\"text-align: center; font-size: 26pt; color: rgba(0, 0, 0, 0.6);\"><strong>CONDIZIONI GENERALI DI SERVIZIO E DI UTILIZZO DEL SERVIZIO DOMAIN PRIVACY<\/strong><\/h3>\n<p>[\/et_pb_text][et_pb_text _builder_version=&#8221;3.12.2&#8243;]<\/p>\n<p>1. Le presenti Condizioni Generali (di seguito &#8220;CGU&#8221;) hanno per oggetto la definizione delle condizioni di disponibilit\u00e0 e utilizzo del servizio Domain Privacy proposto da Domain Privacy Trustee SA (di seguito &#8220;fornitore di servizio&#8221;). Esse si applicano a qualsiasi persona fisica o morale, di diritto privato o di diritto pubblico (di seguito &#8220;Cliente&#8221;), che ha un account Cliente presso un fornitore di servizio di registrazione (di seguito &#8220;registrar&#8221;) che collabora con Domain Privacy Trustee SA e per il quale il cliente ha attivato il servizio Domain Privacy per uno dei suoi nomi di dominio.<\/p>\n<p>2. Il Cliente dichiara di aver letto le CGU prima del suo ordine. Sottoscrivendo il Domain Privacy, il Cliente accetta e comprende tacitamente le presenti CGU.<\/p>\n<p>3. In caso di controversia o conflitto fa fede la versione francese di questo documento.<\/p>\n<p>4. Il fornitore di servizio si riserva il diritto di aggiornare e modificare le CGU in qualsiasi momento.<\/p>\n<p>5. Domain Privacy (di seguito &#8220;servizio&#8221;) \u00e8 un servizio opzionale e complementare per le singole registrazioni di nome di dominio e per i nomi di dominio esistenti registrati presso registrar che collaborano con il fornitore di servizio.<\/p>\n<p>6. Questo servizio non contempla attivit\u00e0 illecite o sospette, ma consente solo di proteggere i dati personali contro gli abusi nella directory WHOIS. Domain Privacy Trustee SA analizza manualmente le richieste di identificazione dei dati WHOIS che gli vengono trasmesse e si riserva il diritto di divulgare subito l&#8217;identit\u00e0 del titolare a eventuali ricorrenti. Il Cliente pu\u00f2 attivare questo servizio su qualsiasi nome di dominio (alcuni TLD possono essere esclusi dal servizio per via della politica di registrazione) che controlla o acquista. Il Cliente pu\u00f2 scegliere in qualsiasi momento di disattivare il servizio per sostituire i dati WHOIS con i suoi dati personali.<\/p>\n<p>7. Il Cliente pu\u00f2 scegliere in qualsiasi momento di disattivare il servizio per sostituire i dati WHOIS con i suoi dati personali.<\/p>\n<p>8. Il Cliente resta il proprietario legale del nome di dominio e conserva i suoi diritti e doveri.<\/p>\n<p>9. Il Cliente si impegna a rispettare le condizioni generali dei registrar che collaborano con il fornitore di servizio. Provvede in particolare a fornire e a tenere le informazioni di registrazione accurate e aggiornate per il proprietario del nome di dominio, l&#8217;amministratore, la fatturazione e i contatti tecnici. Il nome, l&#8217;indirizzo postale, l&#8217;indirizzo di posta elettronica, i numeri di telefono e di fax di questi contatti devono essere validi e aggiornati.<\/p>\n<p>10. Il Cliente garantisce l&#8217;esattezza dei suoi dati di contatto e accetta che tutte le informazioni di registrazione siano conservate in una banca dati dal registrar e che siano depositate presso il fornitore di servizio.<\/p>\n<p>11. In caso di utilizzo di informazioni inesatte, false o obsolete, il fornitore di servizio ha il diritto di adottare tutte le misure necessarie per evitare qualsiasi responsabilit\u00e0 giuridica o economica, tra cui, ma non solo, la cancellazione del nome di dominio o la disattivazione del servizio.<\/p>\n<p>12. Il Cliente ha la piena responsabilit\u00e0 della registrazione e dell&#8217;utilizzo del nome di dominio e si impegna a liberare, difendere, indennizzare ed esonerare da qualsiasi responsabilit\u00e0 il fornitore di servizio e le sue societ\u00e0 madri, filiali, societ\u00e0 affiliate, azionisti, agenti, amministratori, dirigenti e dipendenti nonch\u00e9 il registrar relativamente a qualsiasi reclamo, richiesta, responsabilit\u00e0, perdita, danno o costo, tra cui gli onorari ragionevoli di avvocati, derivanti da o in qualche modo connessi.<\/p>\n<p>13. Per ciascun nome di dominio incluso nel servizio, al posto dei dati del Cliente nelle informazioni WHOIS saranno visualizzati i seguenti dati:<\/p>\n<pre>Domain Privacy Trustee SA\r\nCase postale 1314\r\n1211 Gen\u00e8ve 26\r\n+41 22 593 50 07\r\nprivacy@domainprivatytrustee.ch<\/pre>\n<p>14. Domain Privacy non \u00e8 un servizio di rispedizione della posta e, di conseguenza, il Cliente accetta di non utilizzare i dati di contatto del fornitore di servizio per comunicazioni a terzi.<\/p>\n<p>15. Ogni e-mail inviata all&#8217;indirizzo di posta elettronica che appare nella directory WHOIS andr\u00e0 persa. Il mittente ricever\u00e0 tuttavia un&#8217;e-mail automatica di ritorno con le istruzioni che gli consentiranno di inviare un messaggio al proprietario del nome di dominio.<\/p>\n<p>16. Le comunicazioni inviate all&#8217;indirizzo postale del fornitore di servizio non saranno necessariamente inviate al Cliente e quest&#8217;ultimo accetta che il fornitore di servizio possa esaminare, restituire, distruggere e\/o rifiutare qualsiasi comunicazione inviata al proprietario del nome di dominio.<\/p>\n<p>17. Il Cliente si impegna a rinunciare a qualsiasi reclamo derivante da un suo errore di ricezione delle comunicazioni inviate al possessore del nome di dominio.<\/p>\n<p>18. Il Cliente accetta che il fornitore di servizio possa in qualsiasi momento e a sua sola discrezione sospendere e disattivare il servizio senza rendersi responsabile nei confronti del Cliente e di conseguenza rivelare l&#8217;identit\u00e0 del dichiarante e inviarne i dati alla directory WHOIS per qualsiasi motivo.<br \/>\nQuesti motivi sono in particolare, ma non solo, i seguenti:<\/p>\n<ul>\n<li>mancato pagamento del servizio;<\/li>\n<li>violazione di una disposizione delle CGU o del contratto di registrazione stipulato con il registrar;<\/li>\n<li>richiesta di un registry, ordinanza del tribunale o di un ente di applicazione della legge;<\/li>\n<li>ricezione di una denuncia legale relativa all&#8217;utilizzo o alla registrazione di un nome di dominio;<\/li>\n<li>l&#8217;utilizzo del nome di dominio a fini commerciali;<\/li>\n<li>la cancellazione di un nome di dominio.<\/li>\n<\/ul>\n<p>19. La sospensione o la cessazione del servizio comporta divulgazione immediata delle informazioni degli iscritti nel WHOIS e ai richiedenti terzi.<\/p>\n<p>20. Il fornitore di servizio non \u00e8 responsabile dei ritardi e delle interruzioni del servizio dovuti a casi di forza maggiore. In tutti gli altri casi, la responsabilit\u00e0 \u00e8 limitata all&#8217;importo annuale fatturato per questo servizio al Cliente.<\/p>\n<p>21. I costi del servizio sono fatturati tramite il registrar. Le tariffe in vigore sono pubblicate senza impegno sul sito Internet del registrar e possono essere modificate in qualsiasi momento.<\/p>\n<p>22. Per il rinnovo del servizio, la tariffa dipende dal prezzo in vigore al momento del rinnovo. Alla fine di un periodo di utilizzo, il servizio viene automaticamente rinnovato per un altro periodo di utilizzo, a meno che non sia annullato dalla console di amministrazione del registrar dal Cliente.<\/p>\n<p>23. In caso di risoluzione, sospensione del servizio o trasferimento del nome di dominio, non \u00e8 possibile alcun rimborso parziale dei costi di servizio per la restante durata.<\/p>\n<p>24. Il fornitore di servizio e il registrar si riservano il diritto di rifiutare qualsiasi richiesta di trasferimento o di codice di autorizzazione per un nome di dominio da parte del Cliente finch\u00e9 il servizio \u00e8 attivo.<\/p>\n<p>25. Se una delle disposizioni delle presenti CGU dovesse essere o diventare inapplicabile e\/o non valida, questa inapplicabilit\u00e0 e\/o non validit\u00e0 non renderebbe queste condizioni generali inapplicabili o non valide nel loro insieme. Qualsiasi disposizione giudicata inapplicabile o non valida sar\u00e0 sostituita da disposizioni valide e obbligatorie che si avvicinano maggiormente agli obiettivi e intenzioni delle disposizioni iniziali, nel senso economico e giuridico che sarebbero state decise dalle parti se avessero avuto conoscenza della nullit\u00e0 al momento dell&#8217;accettazione delle presenti condizioni generali.<\/p>\n<p>26. Il Cliente si impegna a rispettare le leggi svizzere e internazionali in vigore per tutta la durata del contratto. Inoltre, il fornitore di servizio cercher\u00e0 di rispettare le decisioni giudiziarie delle autorit\u00e0 dei paesi membri dell&#8217;OCSE.<\/p>\n<p>27. Qualsiasi controversia relativa alle presenti CGU e al presente contratto, alla sua conclusione, esecuzione o risoluzione \u00e8 governata dalla legge svizzera, essendo il foro esclusivo a Ginevra con riserva di un ricorso al Tribunale Federale di Losanna.<\/p>\n<p>[\/et_pb_text][\/et_pb_column][\/et_pb_row][\/et_pb_section]<\/p>","protected":false},"excerpt":{"rendered":"<p>CONDIZIONI GENERALI DI SERVIZIO E DI UTILIZZO DEL SERVIZIO DOMAIN PRIVACY 1. Le presenti Condizioni Generali (di seguito &#8220;CGU&#8221;) hanno per oggetto la definizione delle condizioni di disponibilit\u00e0 e utilizzo del servizio Domain Privacy proposto da Domain Privacy Trustee SA (di seguito &#8220;fornitore di servizio&#8221;). Esse si applicano a qualsiasi persona fisica o morale, di [&hellip;]<\/p>\n","protected":false},"author":1,"featured_media":0,"parent":0,"menu_order":0,"comment_status":"closed","ping_status":"closed","template":"","meta":{"_et_pb_use_builder":"on","_et_pb_old_content":"","_et_gb_content_width":""},"_links":{"self":[{"href":"https:\/\/domainprivacytrustee.ch\/it\/wp-json\/wp\/v2\/pages\/50777"}],"collection":[{"href":"https:\/\/domainprivacytrustee.ch\/it\/wp-json\/wp\/v2\/pages"}],"about":[{"href":"https:\/\/domainprivacytrustee.ch\/it\/wp-json\/wp\/v2\/types\/page"}],"author":[{"embeddable":true,"href":"https:\/\/domainprivacytrustee.ch\/it\/wp-json\/wp\/v2\/users\/1"}],"replies":[{"embeddable":true,"href":"https:\/\/domainprivacytrustee.ch\/it\/wp-json\/wp\/v2\/comments?post=50777"}],"version-history":[{"count":45,"href":"https:\/\/domainprivacytrustee.ch\/it\/wp-json\/wp\/v2\/pages\/50777\/revisions"}],"predecessor-version":[{"id":50951,"href":"https:\/\/domainprivacytrustee.ch\/it\/wp-json\/wp\/v2\/pages\/50777\/revisions\/50951"}],"wp:attachment":[{"href":"https:\/\/domainprivacytrustee.ch\/it\/wp-json\/wp\/v2\/media?parent=50777"}],"curies":[{"name":"wp","href":"https:\/\/api.w.org\/{rel}","templated":true}]}}